{"id":10207,"date":"2023-09-07T12:05:05","date_gmt":"2023-09-07T10:05:05","guid":{"rendered":"http:\/\/fibrainternacional.org\/?page_id=10207"},"modified":"2023-09-07T15:26:38","modified_gmt":"2023-09-07T13:26:38","slug":"vozes-contra-a-violencia_x","status":"publish","type":"page","link":"https:\/\/fibrainternacional.org\/?page_id=10207","title":{"rendered":"Vozes Contra a Viol\u00eancia"},"content":{"rendered":"\n<p class=\"has-white-color has-text-color has-background has-medium-font-size\" style=\"background-color:#ab2424\"><strong>S\u00e9rie de Superlives <strong>na luta pela vida<\/strong><\/strong><\/p>\n\n\n<div class=\"wp-block-image is-style-default\">\n<figure class=\"alignright size-large is-resized\"><img fetchpriority=\"high\" decoding=\"async\" src=\"http:\/\/fibrainternacional.org\/wp-content\/uploads\/2023\/09\/Screenshot-2023-09-03-at-21.07.39-1024x574.png\" alt=\"\" class=\"wp-image-10180\" style=\"width:363px;height:203px\" width=\"363\" height=\"203\" srcset=\"https:\/\/fibrainternacional.org\/wp-content\/uploads\/2023\/09\/Screenshot-2023-09-03-at-21.07.39-1024x574.png 1024w, https:\/\/fibrainternacional.org\/wp-content\/uploads\/2023\/09\/Screenshot-2023-09-03-at-21.07.39-300x168.png 300w, https:\/\/fibrainternacional.org\/wp-content\/uploads\/2023\/09\/Screenshot-2023-09-03-at-21.07.39-768x430.png 768w, https:\/\/fibrainternacional.org\/wp-content\/uploads\/2023\/09\/Screenshot-2023-09-03-at-21.07.39-1536x861.png 1536w, https:\/\/fibrainternacional.org\/wp-content\/uploads\/2023\/09\/Screenshot-2023-09-03-at-21.07.39-2048x1148.png 2048w, https:\/\/fibrainternacional.org\/wp-content\/uploads\/2023\/09\/Screenshot-2023-09-03-at-21.07.39-1170x656.png 1170w, https:\/\/fibrainternacional.org\/wp-content\/uploads\/2023\/09\/Screenshot-2023-09-03-at-21.07.39-600x336.png 600w\" sizes=\"(max-width: 363px) 100vw, 363px\" \/><\/figure>\n<\/div>\n\n\n<p>A partir deste setembro a Fibra inicia uma s\u00e9rie de programas ao vivo sobre grandes e complexos recortes relacionados \u00e0 viol\u00eancia hist\u00f3rica que continua a assombrar importantes grupos sociais do Brasil. <strong><a href=\"http:\/\/fibrainternacional.org\/?p=10188\" target=\"_blank\" rel=\"noreferrer noopener\">Vozes Contra a Viol\u00eancia<\/a> <\/strong>surgiu da inconforma\u00e7\u00e3o e imensa tristeza diante de mais um brutal assassinato: m\u00e3e Bernadete \u2013 l\u00edder quilombola baiana, <a class=\"\" href=\"https:\/\/g1.globo.com\/ba\/bahia\/noticia\/2023\/08\/18\/bernadete-pacifico-lideranca-quilombola-da-bahia-e-assassinada.ghtml\">coordenadora da Coordena\u00e7\u00e3o Nacional de Articula\u00e7\u00e3o de Quilombos (Conaq)<\/a>. Mais uma morte que soma-se diariamente \u00e0s milhares de outras que ainda clamam e aguardam por justi\u00e7a.<\/p>\n\n\n\n<p>A morte de uma l\u00edder negra, que tamb\u00e9m perdeu o filho para a mesma viol\u00eancia \u2013 <a href=\"https:\/\/www.youtube.com\/watch?v=23fLUHj0FGM\" target=\"_blank\" rel=\"noreferrer noopener\">M\u00e3e Bernadete e Binho<\/a>, n\u00e3o se resume apenas \u00e0 quest\u00e3o racial, h\u00e1 v\u00e1rios outros aspectos que agregam severa complexidade a este tipo de crime e escancaram os desafios de se trazer os mandantes \u00e0 justi\u00e7a, frear as mortes ainda por vir e tornar realidade concreta o conceito de Democracia aos milh\u00f5es de brasileiros e brasileiras ainda exclu\u00eddos de direitos e plena cidadania no Brasil.<\/p>\n\n\n\n<p>Ser\u00e3o 3 superlives: a 1<sup>a.<\/sup> em setembro, a 2<sup>a.<\/sup> em outubro e a \u00faltima em novembro. A viol\u00eancia a partir da perda de m\u00e3e Bernadete sob os cortes do racismo, da homofobia e da viol\u00eancia contra mulheres e povos origin\u00e1rios.<\/p>\n\n\n\n<p>Trabalho feito a muitas m\u00e3os, em parceria com nomes potentes das lutas progressistas.<\/p>\n\n\n\n<p>Vozes brasileiras, vozes militantes no exterior, vozes profundamente engajadas com a verdadeira reconstru\u00e7\u00e3o do Brasil e as repara\u00e7\u00f5es hist\u00f3ricas que ainda n\u00e3o se viu chegar.<\/p>\n\n\n\n<p>Assistam. Divulguem.<\/p>\n\n\n\n<p>#vozescontraviolencia #FIBRA #VozesdeFibra<\/p>\n\n\n\n<hr class=\"wp-block-separator has-alpha-channel-opacity\"\/>\n\n\n<p>[bdp_post_gridbox category=&#8221;vozes contra a violencia&#8221;]<\/p>\n\n\n\n<p><\/p>\n","protected":false},"excerpt":{"rendered":"<p>S\u00e9rie de Superlives na luta pela vida A partir deste setembro a Fibra inicia uma s\u00e9rie de programas ao vivo sobre grandes e complexos recortes<\/p>\n","protected":false},"author":2,"featured_media":0,"parent":0,"menu_order":0,"comment_status":"closed","ping_status":"closed","template":"","meta":{"om_disable_all_campaigns":false,"_eb_attr":"","footnotes":""},"class_list":["post-10207","page","type-page","status-publish","hentry","three-columns"],"aioseo_notices":[],"rttpg_featured_image_url":null,"rttpg_author":{"display_name":"clearwaterdijk","author_link":"https:\/\/fibrainternacional.org\/?author=2"},"rttpg_comment":0,"rttpg_category":null,"rttpg_excerpt":"S\u00e9rie de Superlives na luta pela vida A partir deste setembro a Fibra inicia uma s\u00e9rie de programas ao vivo sobre grandes e complexos recortes","_links":{"self":[{"href":"https:\/\/fibrainternacional.org\/index.php?rest_route=\/wp\/v2\/pages\/10207","targetHints":{"allow":["GET"]}}],"collection":[{"href":"https:\/\/fibrainternacional.org\/index.php?rest_route=\/wp\/v2\/pages"}],"about":[{"href":"https:\/\/fibrainternacional.org\/index.php?rest_route=\/wp\/v2\/types\/page"}],"author":[{"embeddable":true,"href":"https:\/\/fibrainternacional.org\/index.php?rest_route=\/wp\/v2\/users\/2"}],"replies":[{"embeddable":true,"href":"https:\/\/fibrainternacional.org\/index.php?rest_route=%2Fwp%2Fv2%2Fcomments&post=10207"}],"version-history":[{"count":8,"href":"https:\/\/fibrainternacional.org\/index.php?rest_route=\/wp\/v2\/pages\/10207\/revisions"}],"predecessor-version":[{"id":10226,"href":"https:\/\/fibrainternacional.org\/index.php?rest_route=\/wp\/v2\/pages\/10207\/revisions\/10226"}],"wp:attachment":[{"href":"https:\/\/fibrainternacional.org\/index.php?rest_route=%2Fwp%2Fv2%2Fmedia&parent=10207"}],"curies":[{"name":"wp","href":"https:\/\/api.w.org\/{rel}","templated":true}]}}