{"id":1039,"date":"2020-11-26T17:38:14","date_gmt":"2020-11-26T20:38:14","guid":{"rendered":"https:\/\/fibrabrasil.wordpress.com\/?page_id=1039"},"modified":"2021-11-20T09:13:19","modified_gmt":"2021-11-20T08:13:19","slug":"sobre-nos","status":"publish","type":"page","link":"https:\/\/fibrainternacional.org\/?page_id=1039","title":{"rendered":"Sobre a FIBRA"},"content":{"rendered":"\n<p class=\"has-text-align-left\">A FIBRA \u00e9 uma organiza\u00e7\u00e3o n\u00e3o institucionalizada, sem fins lucrativos, nascida da necessidade de conectar os brasileiros e brasileiras progressistas ao redor do mundo. <\/p>\n\n\n\n<p class=\"has-text-align-left\">Inicialmente chamada de \u201cRede de Brasileiros no Mundo Contra o Golpe\u201d, a FIBRA foi iniciada em mar\u00e7o de 2016 a partir do aparecimento de diversos grupos de ativistas ao redor do mundo, como uma corrente de resist\u00eancia ao golpe parlamentar que destituiu a Presidenta Dilma Rousseff democraticamente eleita em 2014. <\/p>\n\n\n\n<div class=\"wp-block-image\"><figure class=\"aligncenter size-large is-resized\"><img fetchpriority=\"high\" decoding=\"async\" src=\"https:\/\/fibrabrasil.files.wordpress.com\/2018\/11\/estocolmo3b.jpg?w=723\" alt=\"\" class=\"wp-image-488\" width=\"654\" height=\"431\"\/><\/figure><\/div>\n\n\n\n<p class=\"has-text-align-left\">Esses coletivos tiveram as redes sociais como ferramenta de articula\u00e7\u00e3o e intera\u00e7\u00e3o do ativismo brasileiro internacional. A partir de ent\u00e3o, mais coletivos foram surgindo e se somando \u00e0 FIBRA que passou a promover di\u00e1logos com a imprensa local, autoridades estrangeiras e organiza\u00e7\u00f5es da sociedade civil a fim de sensibilizar a comunidade internacional para a crise pol\u00ectica decorrente da ruptura democr\u00e1tica que ocorria no Brasil. Atualmente a FIBRA re\u00fane 92 coletivos em 26 pa\u00ecses representados em todos os continentes. <\/p>\n\n\n\n<p class=\"has-text-align-left\">Diante da instabilidade causada em todos os setores da vida brasileira a FIBRA vem defendendo pautas essenciais na luta pela manuten\u00e7\u00e3o da soberania nacional, pela preserva\u00e7\u00e3o dos direitos conquistados pela sociedade brasileira e por justi\u00e7a para todos. Desta forma tornou-se fundamental a defesa da liberdade do ex Presidente Lu\u00eds In\u00e1cio Lula da Silva, a maior v\u00edtima de Lawfare no Brasil atual.A FIBRA tem como princ\u00edpio promover e intensificar a conex\u00e3o entre os coletivos e membros independentes sediados no exterior. <\/p>\n\n\n\n<p class=\"has-text-align-left has-black-color has-text-color\">A frente atua de forma horizontal, destacando-se a autonomia dos coletivos na promo\u00e7\u00e3o de a\u00e7\u00f5es e eventos que visam fortalecer a luta dos movimentos sociais brasileiros e denunciar os efeitos nefastos da real conjuntura do Brasil p\u00f3s-golpe. Assim sendo, denunciamos os ataques ao Estado Democr\u00e1tico de Direito; fomentamos a\u00e7\u00f5es de cultura e educa\u00e7\u00e3o para a consci\u00eancia pol\u00edtica; defendemos incondicionalmente o meio ambiente e os Direitos Humanos, denunciando os v\u00e1rios ataques institucionalizados contra afrodescendentes, mulheres, quilombolas, povos origin\u00e1rios e tradicionais, comunidade LGBT QI+, ativistas e demais minorias progressistas.<\/p>\n\n\n\n<div class=\"wp-block-image\"><figure class=\"aligncenter size-large is-resized\"><img decoding=\"async\" src=\"https:\/\/fibrabrasil.files.wordpress.com\/2018\/08\/lula-libre.jpeg?w=723\" alt=\"\" class=\"wp-image-366\" width=\"648\" height=\"354\"\/><\/figure><\/div>\n\n\n\n<p class=\"has-text-align-left\">A FIBRA se mant\u00e9m financeiramente das receitas geradas pelos seus encontros internacionais realizados a cada dois anos (2017\/Amsterd\u00e3 &#8211; 2019\/Berlim), do trabalho e da contribui\u00e7\u00e3o espont\u00e2nea de seus membros, n\u00e3o recebendo apoio financeiro de nenhuma entidade, p\u00fablica ou privada.Al\u00e9m de apoiar o trabalho dos coletivos, criamos novas alian\u00e7as e parcerias a fim de potencializar nossas a\u00e7\u00f5es com diversas organiza\u00e7\u00f5es progressistas nacionais e internacionais que compartilham conosco dos mesmos objetivos. <\/p>\n\n\n\n<p class=\"has-text-align-left\">A FIBRA nas m\u00eddias sociais: <a href=\"https:\/\/twitter.com\/FIBRA2018\">Twitter<\/a>,  <a href=\"https:\/\/www.facebook.com\/fibrafrenteinternacional\">Facebook <\/a>, <a href=\"https:\/\/www.instagram.com\/fibrainternacional\/\">Instagram<\/a> e <a href=\"https:\/\/www.youtube.com\/channel\/UCL7oXVCUXiPmzxGHUc39Crw\">YouTube<\/a>.<\/p>\n\n\n\n<ul class=\"wp-block-social-links is-layout-flex wp-block-social-links-is-layout-flex\"><li class=\"wp-social-link wp-social-link-twitter  wp-block-social-link\"><a href=\"https:\/\/twitter.com\/FIBRA2018\" class=\"wp-block-social-link-anchor\"><svg width=\"24\" height=\"24\" viewBox=\"0 0 24 24\" version=\"1.1\" xmlns=\"http:\/\/www.w3.org\/2000\/svg\" aria-hidden=\"true\" focusable=\"false\"><path d=\"M22.23,5.924c-0.736,0.326-1.527,0.547-2.357,0.646c0.847-0.508,1.498-1.312,1.804-2.27 c-0.793,0.47-1.671,0.812-2.606,0.996C18.324,4.498,17.257,4,16.077,4c-2.266,0-4.103,1.837-4.103,4.103 c0,0.322,0.036,0.635,0.106,0.935C8.67,8.867,5.647,7.234,3.623,4.751C3.27,5.357,3.067,6.062,3.067,6.814 c0,1.424,0.724,2.679,1.825,3.415c-0.673-0.021-1.305-0.206-1.859-0.513c0,0.017,0,0.034,0,0.052c0,1.988,1.414,3.647,3.292,4.023 c-0.344,0.094-0.707,0.144-1.081,0.144c-0.264,0-0.521-0.026-0.772-0.074c0.522,1.63,2.038,2.816,3.833,2.85 c-1.404,1.1-3.174,1.756-5.096,1.756c-0.331,0-0.658-0.019-0.979-0.057c1.816,1.164,3.973,1.843,6.29,1.843 c7.547,0,11.675-6.252,11.675-11.675c0-0.178-0.004-0.355-0.012-0.531C20.985,7.47,21.68,6.747,22.23,5.924z\"><\/path><\/svg><span class=\"wp-block-social-link-label screen-reader-text\">Twitter<\/span><\/a><\/li>\n\n<li class=\"wp-social-link wp-social-link-facebook  wp-block-social-link\"><a href=\"https:\/\/www.facebook.com\/fibrafrenteinternacional\" class=\"wp-block-social-link-anchor\"><svg width=\"24\" height=\"24\" viewBox=\"0 0 24 24\" version=\"1.1\" xmlns=\"http:\/\/www.w3.org\/2000\/svg\" aria-hidden=\"true\" focusable=\"false\"><path d=\"M12 2C6.5 2 2 6.5 2 12c0 5 3.7 9.1 8.4 9.9v-7H7.9V12h2.5V9.8c0-2.5 1.5-3.9 3.8-3.9 1.1 0 2.2.2 2.2.2v2.5h-1.3c-1.2 0-1.6.8-1.6 1.6V12h2.8l-.4 2.9h-2.3v7C18.3 21.1 22 17 22 12c0-5.5-4.5-10-10-10z\"><\/path><\/svg><span class=\"wp-block-social-link-label screen-reader-text\">Facebook<\/span><\/a><\/li>\n\n<li class=\"wp-social-link wp-social-link-instagram  wp-block-social-link\"><a href=\"https:\/\/www.instagram.com\/fibrainternacional\/\" class=\"wp-block-social-link-anchor\"><svg width=\"24\" height=\"24\" viewBox=\"0 0 24 24\" version=\"1.1\" xmlns=\"http:\/\/www.w3.org\/2000\/svg\" aria-hidden=\"true\" focusable=\"false\"><path d=\"M12,4.622c2.403,0,2.688,0.009,3.637,0.052c0.877,0.04,1.354,0.187,1.671,0.31c0.42,0.163,0.72,0.358,1.035,0.673 c0.315,0.315,0.51,0.615,0.673,1.035c0.123,0.317,0.27,0.794,0.31,1.671c0.043,0.949,0.052,1.234,0.052,3.637 s-0.009,2.688-0.052,3.637c-0.04,0.877-0.187,1.354-0.31,1.671c-0.163,0.42-0.358,0.72-0.673,1.035 c-0.315,0.315-0.615,0.51-1.035,0.673c-0.317,0.123-0.794,0.27-1.671,0.31c-0.949,0.043-1.233,0.052-3.637,0.052 s-2.688-0.009-3.637-0.052c-0.877-0.04-1.354-0.187-1.671-0.31c-0.42-0.163-0.72-0.358-1.035-0.673 c-0.315-0.315-0.51-0.615-0.673-1.035c-0.123-0.317-0.27-0.794-0.31-1.671C4.631,14.688,4.622,14.403,4.622,12 s0.009-2.688,0.052-3.637c0.04-0.877,0.187-1.354,0.31-1.671c0.163-0.42,0.358-0.72,0.673-1.035 c0.315-0.315,0.615-0.51,1.035-0.673c0.317-0.123,0.794-0.27,1.671-0.31C9.312,4.631,9.597,4.622,12,4.622 M12,3 C9.556,3,9.249,3.01,8.289,3.054C7.331,3.098,6.677,3.25,6.105,3.472C5.513,3.702,5.011,4.01,4.511,4.511 c-0.5,0.5-0.808,1.002-1.038,1.594C3.25,6.677,3.098,7.331,3.054,8.289C3.01,9.249,3,9.556,3,12c0,2.444,0.01,2.751,0.054,3.711 c0.044,0.958,0.196,1.612,0.418,2.185c0.23,0.592,0.538,1.094,1.038,1.594c0.5,0.5,1.002,0.808,1.594,1.038 c0.572,0.222,1.227,0.375,2.185,0.418C9.249,20.99,9.556,21,12,21s2.751-0.01,3.711-0.054c0.958-0.044,1.612-0.196,2.185-0.418 c0.592-0.23,1.094-0.538,1.594-1.038c0.5-0.5,0.808-1.002,1.038-1.594c0.222-0.572,0.375-1.227,0.418-2.185 C20.99,14.751,21,14.444,21,12s-0.01-2.751-0.054-3.711c-0.044-0.958-0.196-1.612-0.418-2.185c-0.23-0.592-0.538-1.094-1.038-1.594 c-0.5-0.5-1.002-0.808-1.594-1.038c-0.572-0.222-1.227-0.375-2.185-0.418C14.751,3.01,14.444,3,12,3L12,3z M12,7.378 c-2.552,0-4.622,2.069-4.622,4.622S9.448,16.622,12,16.622s4.622-2.069,4.622-4.622S14.552,7.378,12,7.378z M12,15 c-1.657,0-3-1.343-3-3s1.343-3,3-3s3,1.343,3,3S13.657,15,12,15z M16.804,6.116c-0.596,0-1.08,0.484-1.08,1.08 s0.484,1.08,1.08,1.08c0.596,0,1.08-0.484,1.08-1.08S17.401,6.116,16.804,6.116z\"><\/path><\/svg><span class=\"wp-block-social-link-label screen-reader-text\">Instagram<\/span><\/a><\/li>\n\n<li class=\"wp-social-link wp-social-link-youtube  wp-block-social-link\"><a href=\"https:\/\/www.youtube.com\/channel\/UCL7oXVCUXiPmzxGHUc39Crw\" class=\"wp-block-social-link-anchor\"><svg width=\"24\" height=\"24\" viewBox=\"0 0 24 24\" version=\"1.1\" xmlns=\"http:\/\/www.w3.org\/2000\/svg\" aria-hidden=\"true\" focusable=\"false\"><path d=\"M21.8,8.001c0,0-0.195-1.378-0.795-1.985c-0.76-0.797-1.613-0.801-2.004-0.847c-2.799-0.202-6.997-0.202-6.997-0.202 h-0.009c0,0-4.198,0-6.997,0.202C4.608,5.216,3.756,5.22,2.995,6.016C2.395,6.623,2.2,8.001,2.2,8.001S2,9.62,2,11.238v1.517 c0,1.618,0.2,3.237,0.2,3.237s0.195,1.378,0.795,1.985c0.761,0.797,1.76,0.771,2.205,0.855c1.6,0.153,6.8,0.201,6.8,0.201 s4.203-0.006,7.001-0.209c0.391-0.047,1.243-0.051,2.004-0.847c0.6-0.607,0.795-1.985,0.795-1.985s0.2-1.618,0.2-3.237v-1.517 C22,9.62,21.8,8.001,21.8,8.001z M9.935,14.594l-0.001-5.62l5.404,2.82L9.935,14.594z\"><\/path><\/svg><span class=\"wp-block-social-link-label screen-reader-text\">Youtube<\/span><\/a><\/li><\/ul>\n\n\n\n<p><\/p>\n","protected":false},"excerpt":{"rendered":"<p>A FIBRA \u00e9 uma organiza\u00e7\u00e3o n\u00e3o institucionalizada, sem fins lucrativos, nascida da necessidade de conectar os brasileiros e brasileiras progressistas ao redor do mundo. Inicialmente<\/p>\n","protected":false},"author":1,"featured_media":1084,"parent":0,"menu_order":0,"comment_status":"closed","ping_status":"closed","template":"","meta":{"om_disable_all_campaigns":false,"_eb_attr":"","footnotes":""},"class_list":["post-1039","page","type-page","status-publish","has-post-thumbnail","hentry","three-columns"],"aioseo_notices":[],"rttpg_featured_image_url":null,"rttpg_author":{"display_name":"FibraInternacional","author_link":"https:\/\/fibrainternacional.org\/?author=1"},"rttpg_comment":0,"rttpg_category":null,"rttpg_excerpt":"A FIBRA \u00e9 uma organiza\u00e7\u00e3o n\u00e3o institucionalizada, sem fins lucrativos, nascida da necessidade de conectar os brasileiros e brasileiras progressistas ao redor do mundo. Inicialmente","_links":{"self":[{"href":"https:\/\/fibrainternacional.org\/index.php?rest_route=\/wp\/v2\/pages\/1039","targetHints":{"allow":["GET"]}}],"collection":[{"href":"https:\/\/fibrainternacional.org\/index.php?rest_route=\/wp\/v2\/pages"}],"about":[{"href":"https:\/\/fibrainternacional.org\/index.php?rest_route=\/wp\/v2\/types\/page"}],"author":[{"embeddable":true,"href":"https:\/\/fibrainternacional.org\/index.php?rest_route=\/wp\/v2\/users\/1"}],"replies":[{"embeddable":true,"href":"https:\/\/fibrainternacional.org\/index.php?rest_route=%2Fwp%2Fv2%2Fcomments&post=1039"}],"version-history":[{"count":1,"href":"https:\/\/fibrainternacional.org\/index.php?rest_route=\/wp\/v2\/pages\/1039\/revisions"}],"predecessor-version":[{"id":7486,"href":"https:\/\/fibrainternacional.org\/index.php?rest_route=\/wp\/v2\/pages\/1039\/revisions\/7486"}],"wp:featuredmedia":[{"embeddable":true,"href":"https:\/\/fibrainternacional.org\/index.php?rest_route=\/"}],"wp:attachment":[{"href":"https:\/\/fibrainternacional.org\/index.php?rest_route=%2Fwp%2Fv2%2Fmedia&parent=1039"}],"curies":[{"name":"wp","href":"https:\/\/api.w.org\/{rel}","templated":true}]}}