{"id":1152,"date":"2020-11-26T21:50:23","date_gmt":"2020-11-27T00:50:23","guid":{"rendered":"https:\/\/fibrabrasil.wordpress.com\/?page_id=1152"},"modified":"2020-11-26T21:50:23","modified_gmt":"2020-11-27T00:50:23","slug":"tutoriais","status":"publish","type":"page","link":"https:\/\/fibrainternacional.org\/?page_id=1152","title":{"rendered":"Tutoriais"},"content":{"rendered":"\n<p>Tutoriais para o ativismo online:<\/p>\n\n\n\n<p>Tutorial b\u00e1sico sobre seguran\u00e7a online: <a href=\"https:\/\/fibrabrasil.wordpress.com\/seguranca\/\">clique aqui <\/a><\/p>\n\n\n\n<p>Os tutoriais a seguir foram produzidos de forma coletiva para ajudar os coletivos a produzirem seus pr\u00f3prios materiais:<\/p>\n\n\n\n<div class=\"wp-block-group alignfull has-background-light-background-color has-background\"><div class=\"wp-block-group__inner-container is-layout-flow wp-block-group-is-layout-flow\">\n<div class=\"wp-block-columns alignwide is-layout-flex wp-container-core-columns-is-layout-9d6595d7 wp-block-columns-is-layout-flex\">\n<div class=\"wp-block-column is-layout-flow wp-block-column-is-layout-flow\">\n<div class=\"wp-block-image\"><figure class=\"aligncenter size-large is-resized\"><a href=\"https:\/\/youtu.be\/2gZjdeCFftM\"><img decoding=\"async\" src=\"https:\/\/fibrabrasil.files.wordpress.com\/2020\/11\/squarestreamyard_480x480402x.png?w=960\" alt=\"\" class=\"wp-image-1155\" width=\"155\" height=\"155\" \/><\/a><figcaption>StreamYard<br>Clique para ver o v\u00eddeo<\/figcaption><\/figure><\/div>\n<\/div>\n\n\n\n<div class=\"wp-block-column is-layout-flow wp-block-column-is-layout-flow\">\n<div class=\"wp-block-image\"><figure class=\"aligncenter size-large is-resized\"><img decoding=\"async\" src=\"https:\/\/fibrabrasil.files.wordpress.com\/2020\/11\/davinci-resolve-blackmagic-espero-icon.png?w=527\" alt=\"\" class=\"wp-image-1157\" width=\"163\" height=\"148\" \/><figcaption>Davinci Resolve<br>Em breve aqui.<\/figcaption><\/figure><\/div>\n<\/div>\n<\/div>\n\n\n\n<figure class=\"wp-block-embed is-type-rich is-provider-youtube wp-block-embed-youtube wp-embed-aspect-16-9 wp-has-aspect-ratio\"><div class=\"wp-block-embed__wrapper\">\n<iframe title=\"Como publicar um texto no WordPress\" width=\"640\" height=\"480\" src=\"https:\/\/www.youtube.com\/embed\/3o3-sTDrmJ0?feature=oembed\" frameborder=\"0\" allow=\"accelerometer; autoplay; clipboard-write; encrypted-media; gyroscope; picture-in-picture; web-share\" referrerpolicy=\"strict-origin-when-cross-origin\" allowfullscreen><\/iframe> \n<\/div><figcaption>Por Ermeson Vieira<\/figcaption><\/figure>\n<\/div><\/div>\n\n\n\n<figure class=\"wp-block-embed is-type-rich is-provider-youtube wp-block-embed-youtube wp-embed-aspect-16-9 wp-has-aspect-ratio\"><div class=\"wp-block-embed__wrapper\">\n<iframe title=\"Como fazer uma transmiss\u00e3o em v\u00e1rias p\u00e1ginas do Facebook ao mesmo tempo\" width=\"640\" height=\"480\" src=\"https:\/\/www.youtube.com\/embed\/tHAhjOwk9Rw?start=6&#038;feature=oembed\" frameborder=\"0\" allow=\"accelerometer; autoplay; clipboard-write; encrypted-media; gyroscope; picture-in-picture; web-share\" referrerpolicy=\"strict-origin-when-cross-origin\" allowfullscreen><\/iframe> \n<\/div><figcaption>Por Ermeson Vieira<\/figcaption><\/figure>\n\n\n\n<figure class=\"wp-block-embed is-type-rich is-provider-youtube wp-block-embed-youtube wp-embed-aspect-16-9 wp-has-aspect-ratio\"><div class=\"wp-block-embed__wrapper\">\n<iframe title=\"Como usar o Canva\" width=\"640\" height=\"480\" src=\"https:\/\/www.youtube.com\/embed\/gH8VBHQ70Iw?feature=oembed\" frameborder=\"0\" allow=\"accelerometer; autoplay; clipboard-write; encrypted-media; gyroscope; picture-in-picture; web-share\" referrerpolicy=\"strict-origin-when-cross-origin\" allowfullscreen><\/iframe> \n<\/div><figcaption>Por Ermeson Vieira<\/figcaption><\/figure>\n\n\n\n<p><\/p>\n","protected":false},"excerpt":{"rendered":"<p>Tutoriais para o ativismo online: Tutorial b\u00e1sico sobre seguran\u00e7a online: clique aqui Os tutoriais a seguir foram produzidos de forma coletiva para ajudar os coletivos<\/p>\n","protected":false},"author":1,"featured_media":2122,"parent":0,"menu_order":0,"comment_status":"open","ping_status":"closed","template":"templates\/full-width-page.php","meta":{"om_disable_all_campaigns":false,"_eb_attr":"","footnotes":""},"class_list":["post-1152","page","type-page","status-publish","has-post-thumbnail","hentry","three-columns"],"aioseo_notices":[],"rttpg_featured_image_url":null,"rttpg_author":{"display_name":"FibraInternacional","author_link":"https:\/\/fibrainternacional.org\/?author=1"},"rttpg_comment":0,"rttpg_category":null,"rttpg_excerpt":"Tutoriais para o ativismo online: Tutorial b\u00e1sico sobre seguran\u00e7a online: clique aqui Os tutoriais a seguir foram produzidos de forma coletiva para ajudar os coletivos","_links":{"self":[{"href":"https:\/\/fibrainternacional.org\/index.php?rest_route=\/wp\/v2\/pages\/1152","targetHints":{"allow":["GET"]}}],"collection":[{"href":"https:\/\/fibrainternacional.org\/index.php?rest_route=\/wp\/v2\/pages"}],"about":[{"href":"https:\/\/fibrainternacional.org\/index.php?rest_route=\/wp\/v2\/types\/page"}],"author":[{"embeddable":true,"href":"https:\/\/fibrainternacional.org\/index.php?rest_route=\/wp\/v2\/users\/1"}],"replies":[{"embeddable":true,"href":"https:\/\/fibrainternacional.org\/index.php?rest_route=%2Fwp%2Fv2%2Fcomments&post=1152"}],"version-history":[{"count":0,"href":"https:\/\/fibrainternacional.org\/index.php?rest_route=\/wp\/v2\/pages\/1152\/revisions"}],"wp:featuredmedia":[{"embeddable":true,"href":"https:\/\/fibrainternacional.org\/index.php?rest_route=\/"}],"wp:attachment":[{"href":"https:\/\/fibrainternacional.org\/index.php?rest_route=%2Fwp%2Fv2%2Fmedia&parent=1152"}],"curies":[{"name":"wp","href":"https:\/\/api.w.org\/{rel}","templated":true}]}}