{"id":3115,"date":"2021-05-29T18:52:06","date_gmt":"2021-05-29T21:52:06","guid":{"rendered":"https:\/\/fibrabrasil.wordpress.com\/?page_id=3115"},"modified":"2021-05-29T18:52:06","modified_gmt":"2021-05-29T21:52:06","slug":"series","status":"publish","type":"page","link":"https:\/\/fibrainternacional.org\/?page_id=3115","title":{"rendered":"S\u00e9ries"},"content":{"rendered":"\n<p>Neste espa\u00e7o reunimos programas tem\u00e1ticos em s\u00e9rie, de interesse da luta internacional brasileira.<\/p>\n","protected":false},"excerpt":{"rendered":"<p>Neste espa\u00e7o reunimos programas tem\u00e1ticos em s\u00e9rie, de interesse da luta internacional brasileira.<\/p>\n","protected":false},"author":1,"featured_media":0,"parent":0,"menu_order":0,"comment_status":"closed","ping_status":"closed","template":"","meta":{"om_disable_all_campaigns":false,"_eb_attr":"","footnotes":""},"class_list":["post-3115","page","type-page","status-publish","hentry","three-columns"],"aioseo_notices":[],"rttpg_featured_image_url":null,"rttpg_author":{"display_name":"FibraInternacional","author_link":"https:\/\/fibrainternacional.org\/?author=1"},"rttpg_comment":0,"rttpg_category":null,"rttpg_excerpt":"Neste espa\u00e7o reunimos programas tem\u00e1ticos em s\u00e9rie, de interesse da luta internacional brasileira.","_links":{"self":[{"href":"https:\/\/fibrainternacional.org\/index.php?rest_route=\/wp\/v2\/pages\/3115","targetHints":{"allow":["GET"]}}],"collection":[{"href":"https:\/\/fibrainternacional.org\/index.php?rest_route=\/wp\/v2\/pages"}],"about":[{"href":"https:\/\/fibrainternacional.org\/index.php?rest_route=\/wp\/v2\/types\/page"}],"author":[{"embeddable":true,"href":"https:\/\/fibrainternacional.org\/index.php?rest_route=\/wp\/v2\/users\/1"}],"replies":[{"embeddable":true,"href":"https:\/\/fibrainternacional.org\/index.php?rest_route=%2Fwp%2Fv2%2Fcomments&post=3115"}],"version-history":[{"count":0,"href":"https:\/\/fibrainternacional.org\/index.php?rest_route=\/wp\/v2\/pages\/3115\/revisions"}],"wp:attachment":[{"href":"https:\/\/fibrainternacional.org\/index.php?rest_route=%2Fwp%2Fv2%2Fmedia&parent=3115"}],"curies":[{"name":"wp","href":"https:\/\/api.w.org\/{rel}","templated":true}]}}