{"id":45,"date":"2018-04-27T18:06:24","date_gmt":"2018-04-27T21:06:24","guid":{"rendered":"https:\/\/fibrabrasil.wordpress.com\/?page_id=45"},"modified":"2018-04-27T18:06:24","modified_gmt":"2018-04-27T21:06:24","slug":"coletivos","status":"publish","type":"page","link":"https:\/\/fibrainternacional.org\/?page_id=45","title":{"rendered":"Coletivos"},"content":{"rendered":"\n<p><strong>111 coletivos em 26 pa\u00edses fazem hoje parte da FIBRA realizando v\u00e1rias atividades e a\u00e7\u00f5es ao redor do globo. Aqui abaixo voc\u00ea pode conferir a lista com links para os site ou redes sociais da maioria desses coletivos. Em breve voc\u00ea poder\u00e1 consultar o mapa para ver um v\u00eddeo explanat\u00f3rio de cada coletivo com outras informa\u00e7\u00f5es.<\/strong><\/p>\n\n\n<p>[googlemaps https:\/\/www.google.com\/maps\/d\/embed?mid=12zCmjbvMPFdq6bsq2fVgbDrs2Bc&amp;ll=0%2C0&amp;z=1&amp;w=640&amp;h=480]<\/p>\n\n\n<p><strong>\u00c1frica<\/strong><\/p>\n<ol>\n<li>\u00c1frica do Sul (Cidade do Cabo) &#8211; <strong>Resist\u00eancia Democr\u00e1tica Cape Town South Africa<\/strong><\/li>\n<\/ol>\n<p><strong>\u00c1sia<\/strong><\/p>\n<ol>\n<li>Israel (Tel Aviv) &#8211; <strong>Comit\u00ea LulaLivre &#8211; Israel<\/strong><\/li>\n<\/ol>\n<p><strong>Am\u00e9rica Central<\/strong><\/p>\n<ol>\n<li>M\u00e9xico (Cidade do M\u00e9xico) &#8211; <strong>Colectivo Regina de Sena M\u00e9xico-Brasil contra el golpe<\/strong><\/li>\n<li><span style=\"color:#000000;\">Rep\u00fablica Dominicana (Santo Domingo) &#8211; <strong>Coletivo Santo Domingo\u00a0<\/strong><\/span><\/li>\n<\/ol>\n<p><strong>Am\u00e9rica do Norte<\/strong><\/p>\n<ol>\n<li>Canad\u00e1 (Montreal) &#8211; <a href=\"https:\/\/www.facebook.com\/Coletivo-Brasil-Montr%C3%A9al-1041626125917438\/\"><strong>Coletivo Brasil Montreal<\/strong><\/a><\/li>\n<li><span style=\"color:#ff6600;\">Canad\u00e1\u00a0 \/\u00a0 Montreal\u00a0 \/\u00a0 Rede de Solidariedade Brasil-Montreal<\/span><\/li>\n<li>Canad\u00e1 (Ottawa) &#8211; <strong>Coletivo Montreal-Ottawa-Toronto<\/strong><\/li>\n<li>Canad\u00e1 (Ville de Quebec) &#8211; <a href=\"https:\/\/www.facebook.com\/ColetivoBrasilQuebec\"><strong>Coletivo Brasil-Qu\u00e9bec<\/strong><\/a><\/li>\n<li>Canad\u00e1 (Ottawa) &#8211;\u00a0<strong><a href=\"https:\/\/www.facebook.com\/OGSDB\/\">Ottawa-Gatineau Solidarity with Democracy in Brazil &#8211; OGSDB<\/a><\/strong><\/li>\n<li>Canad\u00e1 (Toronto) &#8211;\u00a0 <strong><a href=\"https:\/\/www.facebook.com\/groups\/1021659061254010\">Coletivo Brasil-Toronto \u2013 GTA<\/a><\/strong><\/li>\n<li>EUA (Austin) &#8211; <strong>Coletivo Resist\u00eancia em Austin<\/strong><\/li>\n<li>EUA (Boston) &#8211; <strong><a href=\"https:\/\/www.facebook.com\/groups\/coletivoboston\/\">Boston Contra o Golpe<\/a><\/strong><\/li>\n<li>EUA (Boston) &#8211; <strong>#ResistBrasil &#8211; Mulheres No Exterior Unidas Pela Democracia<\/strong><\/li>\n<li>EUA (Chicago) &#8211;\u00a0<strong><a href=\"https:\/\/www.facebook.com\/groups\/1584856478493632\/\">Manifesta\u00e7\u00e3o contra o GOLPE em CHICAGO<\/a><\/strong><\/li>\n<li>EUA (Los Angeles) &#8211; <strong><a href=\"https:\/\/www.facebook.com\/groups\/brasileiroscontraogolpeemLA\/\">Brasileiros contra o golpe em LA<\/a><\/strong><\/li>\n<li>EUA (Los Angeles) &#8211; <a href=\"https:\/\/www.facebook.com\/cpdbla\"><strong>Coletivo Por Um Brasil Democr\u00e1tico<\/strong><\/a><\/li>\n<li>EUA (Nova Iorque) &#8211; <strong>Coletivo Alert- NYC<\/strong><\/li>\n<li>EUA (Nova Iorque) &#8211; <a href=\"https:\/\/www.defenddemocracyinbrazil.org\/contact-us\" target=\"_blank\" rel=\"noopener\"><strong>Defend Democracy in Brazil \u2013 DDB<\/strong><\/a><\/li>\n<li>EUA (Nova Iorque) &#8211; <strong>Mulheres da Resist\u00eancia no Exterior<\/strong><\/li>\n<li>EUA (Nova Iorque) &#8211; <strong><a href=\"https:\/\/www.facebook.com\/pg\/BRADONYC\">Brazilian Resistance Against Democracy\u2019s Overthrow \u2013 (BRADO-NYC)<\/a><\/strong><\/li>\n<li>EUA (S\u00e3o Francisco) &#8211; <a href=\"https:\/\/www.facebook.com\/coletivodesbordar\/\"><strong>Coletivo Desbordar<\/strong><\/a><\/li>\n<li>EUA (Washington) &#8211; <a href=\"https:\/\/www.facebook.com\/braziliansfordemocracy\"><strong>Brazilians for Democracy and Social Justice &#8211; Washington DC<\/strong><\/a><\/li>\n<\/ol>\n<p><strong>Am\u00e9rica do Sul<\/strong><\/p>\n<ol>\n<li>Internacional (BR-SP ) &#8211; <a href=\"https:\/\/www.facebook.com\/groups\/ProfessorxsePesquisadorxsContraoGolpe\/\"><strong>Comunidade mundial de professorxs\/pesquisadorxs contra o golpe \u00e0 democracia<\/strong><\/a><\/li>\n<li>Argentina (Buenos Aires) &#8211;\u00a0<strong><a href=\"https:\/\/www.facebook.com\/coletivopassarinho2016\/\">Coletivo Passarinho<\/a><\/strong><\/li>\n<li>Chile &#8211;\u00a0<strong><a href=\"https:\/\/www.facebook.com\/colectivochilebrasil\/\">Colectivo Brasil-Chile<\/a><\/strong><\/li>\n<li>Chile (Santiago) &#8211; <a href=\"https:\/\/fibrabrasil.wordpress.com\/chile\/\"><strong>Comit\u00e9 de Solidaridad Chileno en Defensa de Lula y de la Democracia<\/strong><\/a><\/li>\n<li>Col\u00f4mbia (Bogot\u00e1) &#8211; <a href=\"https:\/\/www.facebook.com\/groups\/960772007341867\/\"><strong>Brasileiros de esquerda em Bogot\u00e1<\/strong><\/a><\/li>\n<li>Uruguay (Montevideo) &#8211; <strong>Brasileir@s en Uruguay por la Democracia<\/strong><\/li>\n<li>Uruguay (Montevideo) &#8211; <strong>Coletivo Feminista Marielle Franco Uruguay<\/strong><\/li>\n<\/ol>\n<p><strong>Europa<\/strong><\/p>\n<ol>\n<li>Alemanha (Berlin) &#8211;<strong> <a href=\"https:\/\/www.facebook.com\/groups\/1137555082944388\/\">Nein zum Putsch in Brasilien<\/a><\/strong><\/li>\n<li>Alemanha (Berlin) &#8211;\u00a0<strong><a href=\"https:\/\/www.facebook.com\/groups\/226227654774913\">Comit\u00ea Lula Livre Berlin<\/a><\/strong><\/li>\n<li>Alemanha (Berlin) &#8211; <strong>Berlim pela Democracia no Brasil\/ Berlin f\u00fcr die Demokratie in Brasilien<\/strong><\/li>\n<li>Alemanha (Berlin) &#8211; <strong>DILL &#8211; Deutsche Initiative Lula Livre<\/strong><\/li>\n<li>Alemanha (Berlin) &#8211; <strong>Coletivo Quilombo Alle (Berlim)<\/strong><\/li>\n<li>Alemanha (Berlin) &#8211; <strong>Coletivo Anast\u00e1cia Berlin<\/strong><\/li>\n<li><span style=\"color:#ff6600;\">Alemanha (Berlin) &#8211; Coletivo Articula\u00e7\u00e3o de Mulheres Negras (Berlim)<\/span><\/li>\n<li>Alemanha (Colonia) &#8211;<strong> <a href=\"https:\/\/www.facebook.com\/brasilemdebate.colonia.9\">Brasil em Debate \u2013 Cologne<\/a><\/strong><\/li>\n<li>Alemanha (Dresden) &#8211; <strong>Alexis Mariel <\/strong>(milit\u00e2ncia independente)<\/li>\n<li>Alemanha (Frankfurt) &#8211;\u00a0<strong><a href=\"https:\/\/www.facebook.com\/groups\/527630474088700\/\">Brasileirxs em Frankfurt contra o retrocesso<\/a><\/strong><\/li>\n<li>Alemanha (Frankfurt) &#8211;\u00a0<strong>Ab\u00e1 e.V.(Frankfurt)<\/strong><\/li>\n<li>Alemanha (Hamburgo)<a href=\"https:\/\/www.facebook.com\/groups\/692657340873765\"> &#8211; <strong>Hamburgo contra o golpe no Brasil<\/strong><\/a><\/li>\n<li>Alemanha (Hamburgo) &#8211; <strong>GDTB- Grupo de Discuss\u00e3o Sobre Temas Brasileiros<\/strong><\/li>\n<li>Alemanha (Hannover) &#8211; <strong>Judias e Judeus com Lula<\/strong><\/li>\n<li>Alemanha (Kassel) &#8211; <strong>Resist\u00eancia Kassel\/Desmascarando o Bozo<\/strong><\/li>\n<li>Alemanha (Leipzig) &#8211;\u00a0<strong><a href=\"https:\/\/www.facebook.com\/leipzigcontraogolpe\">Leipziger Initiative \u201cDemokratie f\u00fcr Brasilien\u201d<\/a><\/strong><\/li>\n<li>Alemanha (Munique) &#8211; <strong><a href=\"https:\/\/www.facebook.com\/groups\/1717406348528848\/\">Resist\u00eancia B\u00e1vara Contra o Golpe<\/a><\/strong><\/li>\n<li>Alemanha (Ulm) &#8211; <strong>Elisabete Arantes<\/strong> (milit\u00e2ncia independente)<\/li>\n<li>\u00c1ustria &#8211; <a href=\"https:\/\/www.facebook.com\/freeLULAaustria\/\"><strong>Free LULA \u2013 Committee Austria<\/strong><\/a><\/li>\n<li><span style=\"color:#ff6600;\">\u00c1ustria\u00a0 \/\u00a0 Viena\u00a0 \/\u00a0<\/span> <a href=\"https:\/\/www.facebook.com\/BrasileirosELatinos\">Movimento #31\/3 Brasileiros e Latinoamericanos Contra o Golpe<\/a><\/li>\n<li>B\u00e9lgica (Bruxelas) &#8211; <strong>Comit\u00ea Lula Livre B\u00e9lgica<\/strong><\/li>\n<li>B\u00e9lgica (Bruxelas) &#8211; <a href=\"https:\/\/www.facebook.com\/groups\/567220270112080\/\"><strong>Na B\u00e9lgica pela democracia e contra o golpe<\/strong><\/a><\/li>\n<li>Dinamarca (Copenhaguen) &#8211; <a href=\"https:\/\/www.facebook.com\/groups\/BrasileirosDKForDemocracy\/\"><strong>Brasileiros na Dinamarca Pela Democracia, N\u00e3o ao Golpe!<\/strong><\/a><\/li>\n<li>Dinamarca (Aarhus) &#8211;<strong> <a href=\"https:\/\/www.facebook.com\/groups\/268832683779846\/\">Coletivo Aurora, Brasileiros em Aarhus contra o Fascismo<\/a><\/strong><\/li>\n<li><span style=\"color:#ff6600;\">Dinamarca \/ Aarhus \/ Comit\u00ea Independente Lula Livre de Aarhus<\/span><\/li>\n<li>Esc\u00f3cia &#8211; <strong>Nat\u00e1lia Urban<\/strong> (milit\u00e2ncia independente)<\/li>\n<li>Esc\u00f3cia &#8211;\u00a0<strong><a href=\"https:\/\/www.facebook.com\/resistbrasil.scot\/\">Resist Brasil Scotland<\/a><\/strong><span style=\"color:var(--color-text);\"> (Twitter (@brasil_resist)<\/span><\/li>\n<li>Espanha (Barcelona) &#8211; <strong><a href=\"https:\/\/www.facebook.com\/groups\/amigosdademocacia\/\">Amig@s da Democracia :: Barcelona<\/a><\/strong><\/li>\n<li>Espanha (Barcelona) &#8211; <strong>Unidos contra o Lawfare (Barcelona)<\/strong><\/li>\n<li>Espanha (Barcelona) &#8211; <strong>Comit\u00ea Lula Livre Barcelona<\/strong><\/li>\n<li>Espanha (Barcelona) &#8211; <strong>Coletivo Brasil- Catalunya<\/strong><\/li>\n<li>Espanha (Barcelona) &#8211; <strong>Coletivo Ciclo Mujeres<\/strong><\/li>\n<li>Espanha (Madri) &#8211; <strong><a href=\"https:\/\/www.facebook.com\/groups\/1150749021604920\/\">Coletivo pelos Direitos no Brasil\/Madrid \u2013 (resistencia contra o golpe)<\/a><\/strong><\/li>\n<li>Espanha (Madri) &#8211; <strong>Colectivo Venus Urania<\/strong><\/li>\n<li>Espanha (Madri) &#8211; <strong>Coletivo Mujeres Brasile\u00f1as Contra el Fascismo BCN<\/strong><\/li>\n<li>Espanha (Madri) &#8211; <strong>Comit\u00ea Lula Libre de Madrid<\/strong><\/li>\n<li>Espanha (Salamanca) &#8211;\u00a0<strong><a href=\"https:\/\/www.facebook.com\/groups\/1564187667243867\/\">Salamanca em defesa da democracia brasileira<\/a><\/strong><\/li>\n<li><span style=\"color:#ff6600;\">Espanha \/ Brasil Ativo Press<\/span><\/li>\n<li>Fran\u00e7a (Bordeaux) &#8211; <strong>Coletivo Palmares &#8211; Mouvement pour la d\u00e9mocratie<\/strong><\/li>\n<li>Fran\u00e7a (Lyon) &#8211; Coletivo #ForaTemer (in)<\/li>\n<li>Fran\u00e7a (Montpellier) &#8211; <a href=\"https:\/\/www.facebook.com\/groups\/bramontpellier\/\">Collectif Br\u00e9sil34 \/ Br\u00e9siliens \u00e0 Montpellier contre le coup d\u2019\u00c9tat (in)<\/a><\/li>\n<li>Fran\u00e7a (Paris) &#8211;<strong> <a href=\"https:\/\/www.facebook.com\/Alerte.France.Bresil\/\">Collectif Alerte France Bresil<\/a><\/strong><\/li>\n<li>Fran\u00e7a (Paris) &#8211; <a href=\"https:\/\/liberezlula.org\/\"><strong>Comit\u00e9 international pour la solidarit\u00e9 avec Lula et la d\u00e9fense de la d\u00e9mocratie<\/strong><\/a><\/li>\n<li>Fran\u00e7a (Paris) &#8211; <strong>Lib\u00e9rez Lula &#8211; Comit\u00e9 de Solidarit\u00e9 \u00e0 Lula et pour la D\u00e9mocratie au Br\u00e9sil<\/strong><\/li>\n<li>Fran\u00e7a (Toulouse) &#8211; <strong>FAL- Comit\u00e9 Marielle Franco de Toulouse<\/strong><\/li>\n<li>Gr\u00e9cia &#8211; <strong>Jane<\/strong> (milit\u00e2ncia independente)<\/li>\n<li>Holanda (Amsterdam) &#8211; <a href=\"https:\/\/fibrabrasil.wordpress.com\/amsterdam\/\"><strong>Amsterdam pela Democracia no Brasil<\/strong><\/a><\/li>\n<li>Holanda (Rotterdam) &#8211; <strong>MUCB &#8211; Holanda<\/strong><\/li>\n<li>Holanda (Utrecht) &#8211; <a href=\"https:\/\/facebook.com\/groups\/853167164805443\/\">Utrecht Pela Democracia no Brasil (in)<\/a><\/li>\n<li>Irlanda (Dublin) &#8211; <a href=\"https:\/\/www.facebook.com\/groups\/1686154784997889\/\"><strong>Brazilian Left Front \u2013 BLF<\/strong><\/a><\/li>\n<li>It\u00e1lia (Bolonha) &#8211; <a href=\"https:\/\/www.facebook.com\/bolognacontraogolpe\/\"><strong>Bologna per la Democrazia \u2013 Contro il colpo di stato nel Brasile<\/strong><\/a><\/li>\n<li>It\u00e1lia (Bolonha) &#8211; <a href=\"https:\/\/www.facebook.com\/Coletivo-Curumim-Bologna-1750777828532641\/\"><strong>Coletivo Curumim<\/strong><\/a><\/li>\n<li>It\u00e1lia (Mil\u00e3o) &#8211; <strong>CONTRAGOLPE &#8211; Em defesa da Democracia &#8211; Mil\u00e3o- Italia<\/strong><\/li>\n<li>It\u00e1lia (Mil\u00e3o) &#8211; <strong>Luciana Pavlova<\/strong> (milit\u00e2ncia independente)<\/li>\n<li>It\u00e1lia (Roma) &#8211; <strong>Coletivo BELI- Brasileiros em Luta<\/strong><\/li>\n<li>It\u00e1lia (Roma) &#8211; <a href=\"https:\/\/www.facebook.com\/groups\/1567730836872059\">Contra o golpe no Brasil (in)<\/a><\/li>\n<li>It\u00e1lia (Roma) &#8211; <strong>S\u00e1 Marina<\/strong> (milit\u00e2ncia independente)<\/li>\n<li>Internacional (It\u00e1lia) &#8211; <strong>Brasileiros no Exterior PR\u00d3 PT 2018<\/strong><\/li>\n<li>Noruega (Oslo) &#8211; <a href=\"https:\/\/www.facebook.com\/groups\/1606391353004358\/\"><strong>Pela democracia e contra o golpe! Brasileiros e amigos do Brasil na Noruega<\/strong><\/a><\/li>\n<li>Portugal (Braga) &#8211; <a href=\"https:\/\/www.facebook.com\/groups\/1592337644420808\/\">Grupo de Braga \u2013 Unidos em prol da Democracia (in)<\/a><\/li>\n<li>Portugal (Coimbra) &#8211; <strong>Vozes do Mundo \u2013 Frente pela democracia no Brasil<\/strong><\/li>\n<li>Portugal (Coimbra) &#8211; <a href=\"https:\/\/www.facebook.com\/groups\/1304113859605523\/\"><strong>Esquerda Brasileira em Coimbra \u2013 EBRAC<\/strong><\/a><\/li>\n<li>Portugal (Lisboa) &#8211; <a href=\"https:\/\/www.facebook.com\/coletivoandorinha\/\"><strong>Coletivo Andorinha (Lisboa)<\/strong><\/a><\/li>\n<li>Portugal (Porto) &#8211; <strong><a href=\"https:\/\/www.facebook.com\/groups\/1172076949482998\/\">Brasileiros no Porto pela democracia<\/a><\/strong><\/li>\n<li>Portugal (Porto) &#8211; <a href=\"https:\/\/www.facebook.com\/fibraantifaporto\/\">Fibra Porto (in)<\/a><\/li>\n<li>Su\u00e9cia (Estocolmo) &#8211; <a href=\"https:\/\/fibrabrasil.wordpress.com\/brassar\/\"><strong>BRASSAR-Brasileiros na Su\u00e9cia contra o \u00a0golpe<\/strong><\/a><\/li>\n<li>Sui\u00e7a (Genebra) &#8211; <strong>Coletivo <a href=\"https:\/\/www.facebook.com\/BrasilPelaDemocraciaCH\/\">Grito<\/a><\/strong><\/li>\n<li>Sui\u00e7a (Genebra) &#8211; <strong>Comit\u00ea Lula Livre Genebra &#8211; Comit\u00e9 Lula Libre Gen\u00e8ve<\/strong><\/li>\n<li>Sui\u00e7a (Zurich) &#8211; <strong>Comit\u00ea Internacional pela Democracia no Brasil &#8211; Zurique<\/strong><\/li>\n<li>Sui\u00e7a (Zurich) &#8211;\u00a0<strong><a href=\"https:\/\/www.facebook.com\/Manifesto-Brasil-Social-1099307720112705\/\">Manifesto Brasil Sui\u00e7a- Zurique\u00a0<\/a><\/strong><\/li>\n<li><span style=\"color:#ff6600;\">Sui\u00e7a \/\u00a0Zurich \/ \u00a0<a style=\"color:#ff6600;\" href=\"https:\/\/www.facebook.com\/groups\/1078576528852196\/\">Brasileiros na Su\u00ed\u00e7a contra o Golpe<\/a><\/span><\/li>\n<li>UK (Londres) &#8211; <strong>Ana Rojas<\/strong> (milit\u00e2ncia independente)<\/li>\n<li>UK (Londres) &#8211; <a href=\"https:\/\/www.facebook.com\/DemocracyforBrasilUK\/\"><strong>Democracy for Brasil UK<\/strong><\/a><\/li>\n<li>UK (Londres) &#8211; <strong>Comit\u00ea Lula Livre UK \u2013 FREE LULA<\/strong><\/li>\n<li>UK (Londres) &#8211; <strong>Brazilian Woman Against Fascism UK<\/strong><\/li>\n<li>UK (Manchester) &#8211; <strong>Brazil Liberation Front &#8211; Manchester, UK<\/strong><\/li>\n<li>UK (Oxford) &#8211; <strong>ComitelulaLivreengland_oxford &#8211; FreeLula<\/strong><\/li>\n<li><span style=\"color:#ff6600;\">UK\/ SOS FASCISM IN BRAZIL: PRESS REPORTS<\/span><\/li>\n<\/ol>\n<p><strong>Oceania<\/strong><\/p>\n<ol>\n<li>Australia (Melbourne) &#8211; <strong>Coletivo Resist\u00eancia Austr\u00e1lia<\/strong><\/li>\n<li>Austr\u00e1lia (Melbourne) &#8211; <a href=\"https:\/\/www.facebook.com\/groups\/1228076033878219\"><strong>Australia for Democracy in Brazil<\/strong><\/a><\/li>\n<li><span style=\"color:#ff6600;\">Australia \/ Sydney \/ Free Lula Sydney<\/span><\/li>\n<\/ol>","protected":false},"excerpt":{"rendered":"<p>111 coletivos em 26 pa\u00edses fazem hoje parte da FIBRA realizando v\u00e1rias atividades e a\u00e7\u00f5es ao redor do globo. Aqui abaixo voc\u00ea pode conferir a<\/p>\n","protected":false},"author":1,"featured_media":0,"parent":0,"menu_order":0,"comment_status":"closed","ping_status":"closed","template":"sidebar-page.php","meta":{"om_disable_all_campaigns":false,"_eb_attr":"","footnotes":""},"class_list":["post-45","page","type-page","status-publish","hentry","three-columns"],"aioseo_notices":[],"rttpg_featured_image_url":null,"rttpg_author":{"display_name":"FibraInternacional","author_link":"https:\/\/fibrainternacional.org\/?author=1"},"rttpg_comment":0,"rttpg_category":null,"rttpg_excerpt":"111 coletivos em 26 pa\u00edses fazem hoje parte da FIBRA realizando v\u00e1rias atividades e a\u00e7\u00f5es ao redor do globo. Aqui abaixo voc\u00ea pode conferir a","_links":{"self":[{"href":"https:\/\/fibrainternacional.org\/index.php?rest_route=\/wp\/v2\/pages\/45","targetHints":{"allow":["GET"]}}],"collection":[{"href":"https:\/\/fibrainternacional.org\/index.php?rest_route=\/wp\/v2\/pages"}],"about":[{"href":"https:\/\/fibrainternacional.org\/index.php?rest_route=\/wp\/v2\/types\/page"}],"author":[{"embeddable":true,"href":"https:\/\/fibrainternacional.org\/index.php?rest_route=\/wp\/v2\/users\/1"}],"replies":[{"embeddable":true,"href":"https:\/\/fibrainternacional.org\/index.php?rest_route=%2Fwp%2Fv2%2Fcomments&post=45"}],"version-history":[{"count":0,"href":"https:\/\/fibrainternacional.org\/index.php?rest_route=\/wp\/v2\/pages\/45\/revisions"}],"wp:attachment":[{"href":"https:\/\/fibrainternacional.org\/index.php?rest_route=%2Fwp%2Fv2%2Fmedia&parent=45"}],"curies":[{"name":"wp","href":"https:\/\/api.w.org\/{rel}","templated":true}]}}