{"id":7854,"date":"2021-12-22T23:45:22","date_gmt":"2021-12-22T22:45:22","guid":{"rendered":"http:\/\/fibrainternacional.org\/?page_id=7854"},"modified":"2026-02-17T17:40:44","modified_gmt":"2026-02-17T16:40:44","slug":"dai-sombra-aisha","status":"publish","type":"page","link":"https:\/\/fibrainternacional.org\/?page_id=7854","title":{"rendered":"Dai Sombra Aisha"},"content":{"rendered":"\n<figure class=\"wp-block-gallery has-nested-images columns-default is-cropped wp-block-gallery-1 is-layout-flex wp-block-gallery-is-layout-flex\">\n<figure class=\"wp-block-image size-large\"><img fetchpriority=\"high\" decoding=\"async\" width=\"1021\" height=\"1024\" data-id=\"7855\" src=\"https:\/\/fibrainternacional.org\/wp-content\/uploads\/2021\/12\/Screenshot-2021-12-22-at-23.30.28-1021x1024.png\" alt=\"\" class=\"wp-image-7855\" srcset=\"https:\/\/fibrainternacional.org\/wp-content\/uploads\/2021\/12\/Screenshot-2021-12-22-at-23.30.28-1021x1024.png 1021w, https:\/\/fibrainternacional.org\/wp-content\/uploads\/2021\/12\/Screenshot-2021-12-22-at-23.30.28-300x300.png 300w, https:\/\/fibrainternacional.org\/wp-content\/uploads\/2021\/12\/Screenshot-2021-12-22-at-23.30.28-100x100.png 100w, https:\/\/fibrainternacional.org\/wp-content\/uploads\/2021\/12\/Screenshot-2021-12-22-at-23.30.28-600x602.png 600w, https:\/\/fibrainternacional.org\/wp-content\/uploads\/2021\/12\/Screenshot-2021-12-22-at-23.30.28-150x150.png 150w, https:\/\/fibrainternacional.org\/wp-content\/uploads\/2021\/12\/Screenshot-2021-12-22-at-23.30.28-768x770.png 768w, https:\/\/fibrainternacional.org\/wp-content\/uploads\/2021\/12\/Screenshot-2021-12-22-at-23.30.28-1532x1536.png 1532w, https:\/\/fibrainternacional.org\/wp-content\/uploads\/2021\/12\/Screenshot-2021-12-22-at-23.30.28-1170x1173.png 1170w, https:\/\/fibrainternacional.org\/wp-content\/uploads\/2021\/12\/Screenshot-2021-12-22-at-23.30.28.png 1594w\" sizes=\"(max-width: 1021px) 100vw, 1021px\" \/><\/figure>\n\n\n\n<figure class=\"wp-block-image size-large\"><img decoding=\"async\" width=\"1024\" height=\"1024\" data-id=\"7856\" src=\"https:\/\/fibrainternacional.org\/wp-content\/uploads\/2021\/12\/Screenshot-2021-12-22-at-23.30.48-1024x1024.png\" alt=\"\" class=\"wp-image-7856\" srcset=\"https:\/\/fibrainternacional.org\/wp-content\/uploads\/2021\/12\/Screenshot-2021-12-22-at-23.30.48-1024x1024.png 1024w, https:\/\/fibrainternacional.org\/wp-content\/uploads\/2021\/12\/Screenshot-2021-12-22-at-23.30.48-300x300.png 300w, https:\/\/fibrainternacional.org\/wp-content\/uploads\/2021\/12\/Screenshot-2021-12-22-at-23.30.48-100x100.png 100w, https:\/\/fibrainternacional.org\/wp-content\/uploads\/2021\/12\/Screenshot-2021-12-22-at-23.30.48-600x601.png 600w, https:\/\/fibrainternacional.org\/wp-content\/uploads\/2021\/12\/Screenshot-2021-12-22-at-23.30.48-150x150.png 150w, https:\/\/fibrainternacional.org\/wp-content\/uploads\/2021\/12\/Screenshot-2021-12-22-at-23.30.48-768x769.png 768w, https:\/\/fibrainternacional.org\/wp-content\/uploads\/2021\/12\/Screenshot-2021-12-22-at-23.30.48-1534x1536.png 1534w, https:\/\/fibrainternacional.org\/wp-content\/uploads\/2021\/12\/Screenshot-2021-12-22-at-23.30.48-1170x1171.png 1170w, https:\/\/fibrainternacional.org\/wp-content\/uploads\/2021\/12\/Screenshot-2021-12-22-at-23.30.48.png 1596w\" sizes=\"(max-width: 1024px) 100vw, 1024px\" \/><\/figure>\n<figcaption class=\"blocks-gallery-caption wp-element-caption\">Foto:Dai Sombra<\/figcaption><\/figure>\n\n\n\n<p>Dai Sombra Aisha: Produtora s\u00f3cio-cultural, capoeirista, ativista antirracista descolonizadora, <em>mulherista<\/em> africana, poeta e <em>escrevivente<\/em>. Vive atualmente em Barcelona.<\/p>\n\n\n<style type='text\/css' media='all'>#rt-tpg-container-1114205496 .rt-holder .rt-woo-info .price{color:#0367bf;}body .rt-tpg-container .rt-tpg-isotope-buttons .selected,\n\t\t\t\t\t#rt-tpg-container-1114205496 .layout12 .rt-holder:hover .rt-detail,\n\t\t\t\t\t#rt-tpg-container-1114205496 .isotope8 .rt-holder:hover .rt-detail,\n\t\t\t\t\t#rt-tpg-container-1114205496 .carousel8 .rt-holder:hover .rt-detail,\n\t\t\t\t\t#rt-tpg-container-1114205496 .layout13 .rt-holder .overlay .post-info,\n\t\t\t\t\t#rt-tpg-container-1114205496 .isotope9 .rt-holder .overlay .post-info,\n\t\t\t\t\t#rt-tpg-container-1114205496.rt-tpg-container .layout4 .rt-holder .rt-detail,\n\t\t\t\t\t.rt-modal-1114205496 .md-content,\n\t\t\t\t\t.rt-modal-1114205496 .md-content > .rt-md-content-holder .rt-md-content,\n\t\t\t\t\t.rt-popup-wrap-1114205496.rt-popup-wrap .rt-popup-navigation-wrap,\n\t\t\t\t\t#rt-tpg-container-1114205496 .carousel9 .rt-holder .overlay .post-info{background-color:#0367bf;}#rt-tpg-container-1114205496 .layout5 .rt-holder .overlay, #rt-tpg-container-1114205496 .isotope2 .rt-holder .overlay, #rt-tpg-container-1114205496 .carousel2 .rt-holder .overlay,#rt-tpg-container-1114205496 .layout15 .rt-holder h3, #rt-tpg-container-1114205496 .isotope11 .rt-holder h3, #rt-tpg-container-1114205496 .carousel11 .rt-holder h3, #rt-tpg-container-1114205496 .layout16 .rt-holder h3,\n\t\t\t\t\t#rt-tpg-container-1114205496 .isotope12 .rt-holder h3, #rt-tpg-container-1114205496 .carousel12 .rt-holder h3 {background-color:rgba(3,103,191,0.8);}#rt-tpg-container-1114205496 .read-more a{border-radius:px;}#rt-tpg-container-1114205496 .rt-img-holder img.rt-img-responsive,#rt-tpg-container-1114205496 .rt-img-holder,\n\t\t\t\t\t#rt-tpg-container-1114205496 .rt-post-overlay .post-img,\n\t\t\t\t\t#rt-tpg-container-1114205496 .post-sm .post-img,\n\t\t\t\t\t#rt-tpg-container-1114205496 .rt-post-grid .post-img,\n\t\t\t\t\t#rt-tpg-container-1114205496 .post-img img {border-radius:px;}<\/style><div class='rt-container-fluid rt-tpg-container tpg-shortcode-main-wrapper ' id='rt-tpg-container-1114205496'   data-layout='layout1' data-grid-style='even' data-desktop-col='3'  data-tab-col='2'  data-mobile-col='1' data-sc-id='11280'><div class=\"tpg-widget-heading-wrapper heading-style1 \"><span class=\"tpg-widget-heading-line line-left\"><\/span><h2 class=\"tpg-widget-heading\">Dai Sombra Aisha<\/h2><span class=\"tpg-widget-heading-line\"><\/span><\/div><div data-title='Loading ...' class='rt-row rt-content-loader   layout1 tpg-even '><div class=\"rt-col-md-4 rt-col-sm-6 rt-col-xs-12 even-grid-item rt-grid-item\" data-id=\"8082\"><div class=\"rt-holder\"><div class=\"rt-img-holder\"><a data-id=\"8082\" class=\"\" href=\"https:\/\/fibrainternacional.org\/?p=8082\"><img decoding=\"async\" width=\"2552\" height=\"1438\" src=\"https:\/\/fibrainternacional.org\/wp-content\/uploads\/2022\/01\/Screenshot-2022-01-29-at-11.20.21.png\" class=\"rt-img-responsive \" alt=\"\" \/><\/a><\/div><div class='rt-detail'><h3 class=\"entry-title\"><a data-id=\"8082\" class=\"\" href=\"https:\/\/fibrainternacional.org\/?p=8082\">Eu, Afeto.<\/a><\/h3><div class='post-meta-user  '><span class='author'><i class='fa fa-user '><\/i><a href=\"https:\/\/fibrainternacional.org\/?author=2\">clearwaterdijk<\/a><\/span><span class='date'><i class='far fa-calendar-alt '><\/i>29 de janeiro de 2022<\/span><span class='categories-links'><i class='fas fa-folder-open '><\/i><a class=\"artigos\" href=\"https:\/\/fibrainternacional.org\/?cat=6\" rel=\"tag\">Artigos<\/a><span class=\"rt-separator\">,<\/span><a class=\"colunistas\" href=\"https:\/\/fibrainternacional.org\/?cat=197\" rel=\"tag\">Colunistas<\/a><span class=\"rt-separator\">,<\/span><a class=\"dai-sombra-aisha\" href=\"https:\/\/fibrainternacional.org\/?cat=312\" rel=\"tag\">Dai Sombra Aisha<\/a><span class=\"rt-separator\">,<\/span><a class=\"reportagens\" href=\"https:\/\/fibrainternacional.org\/?cat=10\" rel=\"tag\">Reportagens<\/a><\/span><span class=\"comment-count\"><i class='fas fa-comments '><\/i><a href='https:\/\/fibrainternacional.org\/?p=8082#comments'>(3) <\/a><\/span><\/div><div class='tpg-excerpt'>29.01.2022 Texto de Dai Sombra Aisha, para o site da FIBRA @daisombraaisha Ao ler a...<\/div><div class='post-meta '><span class='read-more'><a data-id='8082' class='' href='https:\/\/fibrainternacional.org\/?p=8082'>Read More<\/a><\/span><\/div><\/div><\/div><\/div><div class=\"rt-col-md-4 rt-col-sm-6 rt-col-xs-12 even-grid-item rt-grid-item\" data-id=\"7858\"><div class=\"rt-holder\"><div class=\"rt-img-holder\"><a data-id=\"7858\" class=\"\" href=\"https:\/\/fibrainternacional.org\/?p=7858\"><img loading=\"lazy\" decoding=\"async\" width=\"1600\" height=\"900\" src=\"https:\/\/fibrainternacional.org\/wp-content\/uploads\/2021\/12\/Texto-Dai-Sombra-Anu\u0301ncio-para-Twitter.png\" class=\"rt-img-responsive \" alt=\"\" \/><\/a><\/div><div class='rt-detail'><h3 class=\"entry-title\"><a data-id=\"7858\" class=\"\" href=\"https:\/\/fibrainternacional.org\/?p=7858\">Escriviv\u00eancia<\/a><\/h3><div class='post-meta-user  '><span class='author'><i class='fa fa-user '><\/i><a href=\"https:\/\/fibrainternacional.org\/?author=2\">clearwaterdijk<\/a><\/span><span class='date'><i class='far fa-calendar-alt '><\/i>23 de dezembro de 2021<\/span><span class='categories-links'><i class='fas fa-folder-open '><\/i><a class=\"artigos\" href=\"https:\/\/fibrainternacional.org\/?cat=6\" rel=\"tag\">Artigos<\/a><span class=\"rt-separator\">,<\/span><a class=\"colunistas\" href=\"https:\/\/fibrainternacional.org\/?cat=197\" rel=\"tag\">Colunistas<\/a><span class=\"rt-separator\">,<\/span><a class=\"dai-sombra-aisha\" href=\"https:\/\/fibrainternacional.org\/?cat=312\" rel=\"tag\">Dai Sombra Aisha<\/a><span class=\"rt-separator\">,<\/span><a class=\"reportagens\" href=\"https:\/\/fibrainternacional.org\/?cat=10\" rel=\"tag\">Reportagens<\/a><\/span><span class=\"comment-count\"><i class='fas fa-comments '><\/i><a href='https:\/\/fibrainternacional.org\/?p=7858#respond'>(0) <\/a><\/span><\/div><div class='tpg-excerpt'>Por Dai Sombra Aisha, para o site da FIBRA 22.12.2021 @daisombraaisha, no Instagram. \u201cEu escrevo...<\/div><div class='post-meta '><span class='read-more'><a data-id='7858' class='' href='https:\/\/fibrainternacional.org\/?p=7858'>Read More<\/a><\/span><\/div><\/div><\/div><\/div><div class=\"rt-col-md-4 rt-col-sm-6 rt-col-xs-12 even-grid-item rt-grid-item\" data-id=\"8756\"><div class=\"rt-holder\"><div class=\"rt-img-holder\"><a data-id=\"8756\" class=\"\" href=\"https:\/\/fibrainternacional.org\/?p=8756\"><img loading=\"lazy\" decoding=\"async\" width=\"2558\" height=\"1382\" src=\"https:\/\/fibrainternacional.org\/wp-content\/uploads\/2022\/06\/Screenshot-2022-06-28-at-16.41.04.png\" class=\"rt-img-responsive \" alt=\"\" \/><\/a><\/div><div class='rt-detail'><h3 class=\"entry-title\"><a data-id=\"8756\" class=\"\" href=\"https:\/\/fibrainternacional.org\/?p=8756\">Entender n\u00e3o \u00e9 Concordar<\/a><\/h3><div class='post-meta-user  '><span class='author'><i class='fa fa-user '><\/i><a href=\"https:\/\/fibrainternacional.org\/?author=2\">clearwaterdijk<\/a><\/span><span class='date'><i class='far fa-calendar-alt '><\/i>28 de junho de 2022<\/span><span class='categories-links'><i class='fas fa-folder-open '><\/i><a class=\"artigos\" href=\"https:\/\/fibrainternacional.org\/?cat=6\" rel=\"tag\">Artigos<\/a><span class=\"rt-separator\">,<\/span><a class=\"colunistas\" href=\"https:\/\/fibrainternacional.org\/?cat=197\" rel=\"tag\">Colunistas<\/a><span class=\"rt-separator\">,<\/span><a class=\"dai-sombra-aisha\" href=\"https:\/\/fibrainternacional.org\/?cat=312\" rel=\"tag\">Dai Sombra Aisha<\/a><span class=\"rt-separator\">,<\/span><a class=\"reportagens\" href=\"https:\/\/fibrainternacional.org\/?cat=10\" rel=\"tag\">Reportagens<\/a><\/span><span class=\"comment-count\"><i class='fas fa-comments '><\/i><a href='https:\/\/fibrainternacional.org\/?p=8756#respond'>(0) <\/a><\/span><\/div><div class='tpg-excerpt'>Texto de Dai Sombra Aisha, para o site da FIBRA@daisombraaisha Barcelona, 28 de junho de...<\/div><div class='post-meta '><span class='read-more'><a data-id='8756' class='' href='https:\/\/fibrainternacional.org\/?p=8756'>Read More<\/a><\/span><\/div><\/div><\/div><\/div><div class=\"rt-col-md-4 rt-col-sm-6 rt-col-xs-12 even-grid-item rt-grid-item\" data-id=\"8821\"><div class=\"rt-holder\"><div class=\"rt-img-holder\"><a data-id=\"8821\" class=\"\" href=\"https:\/\/fibrainternacional.org\/?p=8821\"><img loading=\"lazy\" decoding=\"async\" width=\"2554\" height=\"1434\" src=\"https:\/\/fibrainternacional.org\/wp-content\/uploads\/2022\/07\/Screenshot-2022-07-20-at-10.19.08.png\" class=\"rt-img-responsive \" alt=\"\" \/><\/a><\/div><div class='rt-detail'><h3 class=\"entry-title\"><a data-id=\"8821\" class=\"\" href=\"https:\/\/fibrainternacional.org\/?p=8821\">Amefricanidade<\/a><\/h3><div class='post-meta-user  '><span class='author'><i class='fa fa-user '><\/i><a href=\"https:\/\/fibrainternacional.org\/?author=2\">clearwaterdijk<\/a><\/span><span class='date'><i class='far fa-calendar-alt '><\/i>20 de julho de 2022<\/span><span class='categories-links'><i class='fas fa-folder-open '><\/i><a class=\"colunistas\" href=\"https:\/\/fibrainternacional.org\/?cat=197\" rel=\"tag\">Colunistas<\/a><span class=\"rt-separator\">,<\/span><a class=\"dai-sombra-aisha\" href=\"https:\/\/fibrainternacional.org\/?cat=312\" rel=\"tag\">Dai Sombra Aisha<\/a><span class=\"rt-separator\">,<\/span><a class=\"reportagens\" href=\"https:\/\/fibrainternacional.org\/?cat=10\" rel=\"tag\">Reportagens<\/a><\/span><span class=\"comment-count\"><i class='fas fa-comments '><\/i><a href='https:\/\/fibrainternacional.org\/?p=8821#comments'>(2) <\/a><\/span><\/div><div class='tpg-excerpt'>Texto de Dai Sombra Aisha, para o site da FIBRA@daisombraaisha Barcelona, 20 de julho de...<\/div><div class='post-meta '><span class='read-more'><a data-id='8821' class='' href='https:\/\/fibrainternacional.org\/?p=8821'>Read More<\/a><\/span><\/div><\/div><\/div><\/div><div class=\"rt-col-md-4 rt-col-sm-6 rt-col-xs-12 even-grid-item rt-grid-item\" data-id=\"9076\"><div class=\"rt-holder\"><div class=\"rt-img-holder\"><a data-id=\"9076\" class=\"\" href=\"https:\/\/fibrainternacional.org\/?p=9076\"><img loading=\"lazy\" decoding=\"async\" width=\"2554\" height=\"1432\" src=\"https:\/\/fibrainternacional.org\/wp-content\/uploads\/2022\/08\/Screenshot-2022-08-13-at-16.34.26.png\" class=\"rt-img-responsive \" alt=\"\" \/><\/a><\/div><div class='rt-detail'><h3 class=\"entry-title\"><a data-id=\"9076\" class=\"\" href=\"https:\/\/fibrainternacional.org\/?p=9076\">AFROFOKA<\/a><\/h3><div class='post-meta-user  '><span class='author'><i class='fa fa-user '><\/i><a href=\"https:\/\/fibrainternacional.org\/?author=2\">clearwaterdijk<\/a><\/span><span class='date'><i class='far fa-calendar-alt '><\/i>12 de agosto de 2022<\/span><span class='categories-links'><i class='fas fa-folder-open '><\/i><a class=\"artigos\" href=\"https:\/\/fibrainternacional.org\/?cat=6\" rel=\"tag\">Artigos<\/a><span class=\"rt-separator\">,<\/span><a class=\"colunistas\" href=\"https:\/\/fibrainternacional.org\/?cat=197\" rel=\"tag\">Colunistas<\/a><span class=\"rt-separator\">,<\/span><a class=\"dai-sombra-aisha\" href=\"https:\/\/fibrainternacional.org\/?cat=312\" rel=\"tag\">Dai Sombra Aisha<\/a><span class=\"rt-separator\">,<\/span><a class=\"reportagens\" href=\"https:\/\/fibrainternacional.org\/?cat=10\" rel=\"tag\">Reportagens<\/a><\/span><span class=\"comment-count\"><i class='fas fa-comments '><\/i><a href='https:\/\/fibrainternacional.org\/?p=9076#respond'>(0) <\/a><\/span><\/div><div class='tpg-excerpt'>Essa conversa d\u00e1 pano pra manga! Texto de Dai Sombra Aisha, para o site da...<\/div><div class='post-meta '><span class='read-more'><a data-id='9076' class='' href='https:\/\/fibrainternacional.org\/?p=9076'>Read More<\/a><\/span><\/div><\/div><\/div><\/div><div class=\"rt-col-md-4 rt-col-sm-6 rt-col-xs-12 even-grid-item rt-grid-item\" data-id=\"8437\"><div class=\"rt-holder\"><div class=\"rt-img-holder\"><a data-id=\"8437\" class=\"\" href=\"https:\/\/fibrainternacional.org\/?p=8437\"><img loading=\"lazy\" decoding=\"async\" width=\"1600\" height=\"900\" src=\"https:\/\/fibrainternacional.org\/wp-content\/uploads\/2022\/03\/Marc\u0327o-texto-Dai-Sombra.jpg\" class=\"rt-img-responsive \" alt=\"\" \/><\/a><\/div><div class='rt-detail'><h3 class=\"entry-title\"><a data-id=\"8437\" class=\"\" href=\"https:\/\/fibrainternacional.org\/?p=8437\">8 de mar\u00e7o. O dia da reivindica\u00e7\u00e3o dos direitos das &#8220;mulheres no mundo&#8221;<\/a><\/h3><div class='post-meta-user  '><span class='author'><i class='fa fa-user '><\/i><a href=\"https:\/\/fibrainternacional.org\/?author=2\">clearwaterdijk<\/a><\/span><span class='date'><i class='far fa-calendar-alt '><\/i>13 de mar\u00e7o de 2022<\/span><span class='categories-links'><i class='fas fa-folder-open '><\/i><a class=\"artigos\" href=\"https:\/\/fibrainternacional.org\/?cat=6\" rel=\"tag\">Artigos<\/a><span class=\"rt-separator\">,<\/span><a class=\"colunistas\" href=\"https:\/\/fibrainternacional.org\/?cat=197\" rel=\"tag\">Colunistas<\/a><span class=\"rt-separator\">,<\/span><a class=\"dai-sombra-aisha\" href=\"https:\/\/fibrainternacional.org\/?cat=312\" rel=\"tag\">Dai Sombra Aisha<\/a><span class=\"rt-separator\">,<\/span><a class=\"reportagens\" href=\"https:\/\/fibrainternacional.org\/?cat=10\" rel=\"tag\">Reportagens<\/a><\/span><span class=\"comment-count\"><i class='fas fa-comments '><\/i><a href='https:\/\/fibrainternacional.org\/?p=8437#respond'>(0) <\/a><\/span><\/div><div class='tpg-excerpt'>Texto de Dai Sombra Aisha, para o site da FIBRA@daisombraaisha Barcelona, 13 de mar\u00e7o de...<\/div><div class='post-meta '><span class='read-more'><a data-id='8437' class='' href='https:\/\/fibrainternacional.org\/?p=8437'>Read More<\/a><\/span><\/div><\/div><\/div><\/div><\/div><\/div>\n","protected":false},"excerpt":{"rendered":"<p>Dai Sombra Aisha: Produtora s\u00f3cio-cultural, capoeirista, ativista antirracista descolonizadora, mulherista africana, poeta e escrevivente. Vive atualmente em Barcelona.<\/p>\n","protected":false},"author":2,"featured_media":0,"parent":0,"menu_order":0,"comment_status":"closed","ping_status":"closed","template":"","meta":{"om_disable_all_campaigns":false,"_eb_attr":"","footnotes":""},"class_list":["post-7854","page","type-page","status-publish","hentry","three-columns"],"aioseo_notices":[],"rttpg_featured_image_url":null,"rttpg_author":{"display_name":"clearwaterdijk","author_link":"https:\/\/fibrainternacional.org\/?author=2"},"rttpg_comment":0,"rttpg_category":"","rttpg_excerpt":"Dai Sombra Aisha: Produtora s\u00f3cio-cultural, capoeirista, ativista antirracista descolonizadora, mulherista africana, poeta e escrevivente. Vive atualmente em Barcelona.","_links":{"self":[{"href":"https:\/\/fibrainternacional.org\/index.php?rest_route=\/wp\/v2\/pages\/7854","targetHints":{"allow":["GET"]}}],"collection":[{"href":"https:\/\/fibrainternacional.org\/index.php?rest_route=\/wp\/v2\/pages"}],"about":[{"href":"https:\/\/fibrainternacional.org\/index.php?rest_route=\/wp\/v2\/types\/page"}],"author":[{"embeddable":true,"href":"https:\/\/fibrainternacional.org\/index.php?rest_route=\/wp\/v2\/users\/2"}],"replies":[{"embeddable":true,"href":"https:\/\/fibrainternacional.org\/index.php?rest_route=%2Fwp%2Fv2%2Fcomments&post=7854"}],"version-history":[{"count":5,"href":"https:\/\/fibrainternacional.org\/index.php?rest_route=\/wp\/v2\/pages\/7854\/revisions"}],"predecessor-version":[{"id":11281,"href":"https:\/\/fibrainternacional.org\/index.php?rest_route=\/wp\/v2\/pages\/7854\/revisions\/11281"}],"wp:attachment":[{"href":"https:\/\/fibrainternacional.org\/index.php?rest_route=%2Fwp%2Fv2%2Fmedia&parent=7854"}],"curies":[{"name":"wp","href":"https:\/\/api.w.org\/{rel}","templated":true}]}}