{"id":8145,"date":"2022-02-02T15:16:28","date_gmt":"2022-02-02T14:16:28","guid":{"rendered":"http:\/\/fibrainternacional.org\/?page_id=8145"},"modified":"2026-02-17T17:34:44","modified_gmt":"2026-02-17T16:34:44","slug":"patricia-cassemiro","status":"publish","type":"page","link":"https:\/\/fibrainternacional.org\/?page_id=8145","title":{"rendered":"Patr\u00edcia Cassemiro"},"content":{"rendered":"\n<figure class=\"wp-block-image size-large\"><img fetchpriority=\"high\" decoding=\"async\" width=\"1024\" height=\"574\" src=\"http:\/\/fibrainternacional.org\/wp-content\/uploads\/2022\/02\/Screenshot-2022-02-02-at-15.14.49-1024x574.png\" alt=\"\" class=\"wp-image-8148\" srcset=\"https:\/\/fibrainternacional.org\/wp-content\/uploads\/2022\/02\/Screenshot-2022-02-02-at-15.14.49-1024x574.png 1024w, https:\/\/fibrainternacional.org\/wp-content\/uploads\/2022\/02\/Screenshot-2022-02-02-at-15.14.49-600x336.png 600w, https:\/\/fibrainternacional.org\/wp-content\/uploads\/2022\/02\/Screenshot-2022-02-02-at-15.14.49-300x168.png 300w, https:\/\/fibrainternacional.org\/wp-content\/uploads\/2022\/02\/Screenshot-2022-02-02-at-15.14.49-768x431.png 768w, https:\/\/fibrainternacional.org\/wp-content\/uploads\/2022\/02\/Screenshot-2022-02-02-at-15.14.49-1536x861.png 1536w, https:\/\/fibrainternacional.org\/wp-content\/uploads\/2022\/02\/Screenshot-2022-02-02-at-15.14.49-1170x656.png 1170w, https:\/\/fibrainternacional.org\/wp-content\/uploads\/2022\/02\/Screenshot-2022-02-02-at-15.14.49.png 2012w\" sizes=\"(max-width: 1024px) 100vw, 1024px\" \/><\/figure>\n\n\n<style type='text\/css' media='all'>#rt-tpg-container-1529497381 .rt-holder .rt-woo-info .price{color:#f90446;}body .rt-tpg-container .rt-tpg-isotope-buttons .selected,\n\t\t\t\t\t#rt-tpg-container-1529497381 .layout12 .rt-holder:hover .rt-detail,\n\t\t\t\t\t#rt-tpg-container-1529497381 .isotope8 .rt-holder:hover .rt-detail,\n\t\t\t\t\t#rt-tpg-container-1529497381 .carousel8 .rt-holder:hover .rt-detail,\n\t\t\t\t\t#rt-tpg-container-1529497381 .layout13 .rt-holder .overlay .post-info,\n\t\t\t\t\t#rt-tpg-container-1529497381 .isotope9 .rt-holder .overlay .post-info,\n\t\t\t\t\t#rt-tpg-container-1529497381.rt-tpg-container .layout4 .rt-holder .rt-detail,\n\t\t\t\t\t.rt-modal-1529497381 .md-content,\n\t\t\t\t\t.rt-modal-1529497381 .md-content > .rt-md-content-holder .rt-md-content,\n\t\t\t\t\t.rt-popup-wrap-1529497381.rt-popup-wrap .rt-popup-navigation-wrap,\n\t\t\t\t\t#rt-tpg-container-1529497381 .carousel9 .rt-holder .overlay .post-info{background-color:#f90446;}#rt-tpg-container-1529497381 .layout5 .rt-holder .overlay, #rt-tpg-container-1529497381 .isotope2 .rt-holder .overlay, #rt-tpg-container-1529497381 .carousel2 .rt-holder .overlay,#rt-tpg-container-1529497381 .layout15 .rt-holder h3, #rt-tpg-container-1529497381 .isotope11 .rt-holder h3, #rt-tpg-container-1529497381 .carousel11 .rt-holder h3, #rt-tpg-container-1529497381 .layout16 .rt-holder h3,\n\t\t\t\t\t#rt-tpg-container-1529497381 .isotope12 .rt-holder h3, #rt-tpg-container-1529497381 .carousel12 .rt-holder h3 {background-color:rgba(249,4,70,0.8);}#rt-tpg-container-1529497381 .read-more a{border-radius:px;}#rt-tpg-container-1529497381 .rt-img-holder img.rt-img-responsive,#rt-tpg-container-1529497381 .rt-img-holder,\n\t\t\t\t\t#rt-tpg-container-1529497381 .rt-post-overlay .post-img,\n\t\t\t\t\t#rt-tpg-container-1529497381 .post-sm .post-img,\n\t\t\t\t\t#rt-tpg-container-1529497381 .rt-post-grid .post-img,\n\t\t\t\t\t#rt-tpg-container-1529497381 .post-img img {border-radius:px;}<\/style><div class='rt-container-fluid rt-tpg-container tpg-shortcode-main-wrapper ' id='rt-tpg-container-1529497381'   data-layout='layout1' data-grid-style='even' data-desktop-col='3'  data-tab-col='2'  data-mobile-col='1' data-sc-id='11268'><div class=\"tpg-widget-heading-wrapper heading-style1 \"><span class=\"tpg-widget-heading-line line-left\"><\/span><h2 class=\"tpg-widget-heading\">Patricia Cassemiro<\/h2><span class=\"tpg-widget-heading-line\"><\/span><\/div><div data-title='Loading ...' class='rt-row rt-content-loader   layout1 tpg-even '><div class=\"rt-col-md-4 rt-col-sm-6 rt-col-xs-12 even-grid-item rt-grid-item\" data-id=\"8661\"><div class=\"rt-holder\"><div class=\"rt-img-holder\"><a data-id=\"8661\" class=\"\" href=\"https:\/\/fibrainternacional.org\/?p=8661\"><img decoding=\"async\" width=\"1600\" height=\"900\" src=\"https:\/\/fibrainternacional.org\/wp-content\/uploads\/2022\/05\/Na\u0303o-use-o-nome-de-Deus-em-va\u0303o.png\" class=\"rt-img-responsive \" alt=\"\" \/><\/a><\/div><div class='rt-detail'><h3 class=\"entry-title\"><a data-id=\"8661\" class=\"\" href=\"https:\/\/fibrainternacional.org\/?p=8661\">N\u00e3o use o nome de Deus em v\u00e3o!\u00a0<\/a><\/h3><div class='post-meta-user  '><span class='author'><i class='fa fa-user '><\/i><a href=\"https:\/\/fibrainternacional.org\/?author=2\">clearwaterdijk<\/a><\/span><span class='date'><i class='far fa-calendar-alt '><\/i>9 de maio de 2022<\/span><span class='categories-links'><i class='fas fa-folder-open '><\/i><a class=\"artigos\" href=\"https:\/\/fibrainternacional.org\/?cat=6\" rel=\"tag\">Artigos<\/a><span class=\"rt-separator\">,<\/span><a class=\"artigos-antigos\" href=\"https:\/\/fibrainternacional.org\/?cat=4\" rel=\"tag\">Artigos + antigos<\/a><span class=\"rt-separator\">,<\/span><a class=\"colunistas\" href=\"https:\/\/fibrainternacional.org\/?cat=197\" rel=\"tag\">Colunistas<\/a><span class=\"rt-separator\">,<\/span><a class=\"patricia-cassemiro\" href=\"https:\/\/fibrainternacional.org\/?cat=316\" rel=\"tag\">Patr\u00edcia Cassemiro<\/a><span class=\"rt-separator\">,<\/span><a class=\"reportagens\" href=\"https:\/\/fibrainternacional.org\/?cat=10\" rel=\"tag\">Reportagens<\/a><\/span><span class=\"comment-count\"><i class='fas fa-comments '><\/i><a href='https:\/\/fibrainternacional.org\/?p=8661#respond'>(0) <\/a><\/span><\/div><div class='tpg-excerpt'>Por Patr\u00edcia Cassemiro Aten\u00e7\u00e3o! Escrevo este artigo para que seja compartilhado com aquele parente, amigo...<\/div><div class='post-meta '><span class='read-more'><a data-id='8661' class='' href='https:\/\/fibrainternacional.org\/?p=8661'>Read More<\/a><\/span><\/div><\/div><\/div><\/div><div class=\"rt-col-md-4 rt-col-sm-6 rt-col-xs-12 even-grid-item rt-grid-item\" data-id=\"8248\"><div class=\"rt-holder\"><div class=\"rt-img-holder\"><a data-id=\"8248\" class=\"\" href=\"https:\/\/fibrainternacional.org\/?p=8248\"><img decoding=\"async\" width=\"2552\" height=\"1430\" src=\"https:\/\/fibrainternacional.org\/wp-content\/uploads\/2022\/02\/Screenshot-2022-02-17-at-23.18.51.png\" class=\"rt-img-responsive \" alt=\"\" \/><\/a><\/div><div class='rt-detail'><h3 class=\"entry-title\"><a data-id=\"8248\" class=\"\" href=\"https:\/\/fibrainternacional.org\/?p=8248\">Sem r\u00f3tulos: nada define a Mulher Ativista!<\/a><\/h3><div class='post-meta-user  '><span class='author'><i class='fa fa-user '><\/i><a href=\"https:\/\/fibrainternacional.org\/?author=2\">clearwaterdijk<\/a><\/span><span class='date'><i class='far fa-calendar-alt '><\/i>17 de fevereiro de 2022<\/span><span class='categories-links'><i class='fas fa-folder-open '><\/i><a class=\"artigos\" href=\"https:\/\/fibrainternacional.org\/?cat=6\" rel=\"tag\">Artigos<\/a><span class=\"rt-separator\">,<\/span><a class=\"colunistas\" href=\"https:\/\/fibrainternacional.org\/?cat=197\" rel=\"tag\">Colunistas<\/a><span class=\"rt-separator\">,<\/span><a class=\"patricia-cassemiro\" href=\"https:\/\/fibrainternacional.org\/?cat=316\" rel=\"tag\">Patr\u00edcia Cassemiro<\/a><span class=\"rt-separator\">,<\/span><a class=\"reportagens\" href=\"https:\/\/fibrainternacional.org\/?cat=10\" rel=\"tag\">Reportagens<\/a><\/span><span class=\"comment-count\"><i class='fas fa-comments '><\/i><a href='https:\/\/fibrainternacional.org\/?p=8248#comments'>(1) <\/a><\/span><\/div><div class='tpg-excerpt'>Por Patr\u00edcia Cassemiro, para o site da Fibra Barcelona, 17 de fevereiro de 2022. (Uma...<\/div><div class='post-meta '><span class='read-more'><a data-id='8248' class='' href='https:\/\/fibrainternacional.org\/?p=8248'>Read More<\/a><\/span><\/div><\/div><\/div><\/div><div class=\"rt-col-md-4 rt-col-sm-6 rt-col-xs-12 even-grid-item rt-grid-item\" data-id=\"8154\"><div class=\"rt-holder\"><div class=\"rt-img-holder\"><a data-id=\"8154\" class=\"\" href=\"https:\/\/fibrainternacional.org\/?p=8154\"><img loading=\"lazy\" decoding=\"async\" width=\"1668\" height=\"936\" src=\"https:\/\/fibrainternacional.org\/wp-content\/uploads\/2022\/02\/Screenshot-2022-02-02-at-16.15.09.png\" class=\"rt-img-responsive \" alt=\"\" \/><\/a><\/div><div class='rt-detail'><h3 class=\"entry-title\"><a data-id=\"8154\" class=\"\" href=\"https:\/\/fibrainternacional.org\/?p=8154\">Por que conversar com quem pensa diferente?!!!<\/a><\/h3><div class='post-meta-user  '><span class='author'><i class='fa fa-user '><\/i><a href=\"https:\/\/fibrainternacional.org\/?author=2\">clearwaterdijk<\/a><\/span><span class='date'><i class='far fa-calendar-alt '><\/i>2 de fevereiro de 2022<\/span><span class='categories-links'><i class='fas fa-folder-open '><\/i><a class=\"artigos\" href=\"https:\/\/fibrainternacional.org\/?cat=6\" rel=\"tag\">Artigos<\/a><span class=\"rt-separator\">,<\/span><a class=\"colunistas\" href=\"https:\/\/fibrainternacional.org\/?cat=197\" rel=\"tag\">Colunistas<\/a><span class=\"rt-separator\">,<\/span><a class=\"patricia-cassemiro\" href=\"https:\/\/fibrainternacional.org\/?cat=316\" rel=\"tag\">Patr\u00edcia Cassemiro<\/a><span class=\"rt-separator\">,<\/span><a class=\"reportagens\" href=\"https:\/\/fibrainternacional.org\/?cat=10\" rel=\"tag\">Reportagens<\/a><\/span><span class=\"comment-count\"><i class='fas fa-comments '><\/i><a href='https:\/\/fibrainternacional.org\/?p=8154#comments'>(2) <\/a><\/span><\/div><div class='tpg-excerpt'>Barcelona, 02.02.2022 Por Patr\u00edcia Cassemiro, para o site da FIBRA. Durante os \u00faltimos 5 anos...<\/div><div class='post-meta '><span class='read-more'><a data-id='8154' class='' href='https:\/\/fibrainternacional.org\/?p=8154'>Read More<\/a><\/span><\/div><\/div><\/div><\/div><\/div><\/div>\n","protected":false},"excerpt":{"rendered":"","protected":false},"author":2,"featured_media":0,"parent":7228,"menu_order":0,"comment_status":"closed","ping_status":"closed","template":"","meta":{"om_disable_all_campaigns":false,"_eb_attr":"","footnotes":""},"class_list":["post-8145","page","type-page","status-publish","hentry","three-columns"],"aioseo_notices":[],"rttpg_featured_image_url":null,"rttpg_author":{"display_name":"clearwaterdijk","author_link":"https:\/\/fibrainternacional.org\/?author=2"},"rttpg_comment":0,"rttpg_category":"","rttpg_excerpt":null,"_links":{"self":[{"href":"https:\/\/fibrainternacional.org\/index.php?rest_route=\/wp\/v2\/pages\/8145","targetHints":{"allow":["GET"]}}],"collection":[{"href":"https:\/\/fibrainternacional.org\/index.php?rest_route=\/wp\/v2\/pages"}],"about":[{"href":"https:\/\/fibrainternacional.org\/index.php?rest_route=\/wp\/v2\/types\/page"}],"author":[{"embeddable":true,"href":"https:\/\/fibrainternacional.org\/index.php?rest_route=\/wp\/v2\/users\/2"}],"replies":[{"embeddable":true,"href":"https:\/\/fibrainternacional.org\/index.php?rest_route=%2Fwp%2Fv2%2Fcomments&post=8145"}],"version-history":[{"count":9,"href":"https:\/\/fibrainternacional.org\/index.php?rest_route=\/wp\/v2\/pages\/8145\/revisions"}],"predecessor-version":[{"id":11275,"href":"https:\/\/fibrainternacional.org\/index.php?rest_route=\/wp\/v2\/pages\/8145\/revisions\/11275"}],"up":[{"embeddable":true,"href":"https:\/\/fibrainternacional.org\/index.php?rest_route=\/wp\/v2\/pages\/7228"}],"wp:attachment":[{"href":"https:\/\/fibrainternacional.org\/index.php?rest_route=%2Fwp%2Fv2%2Fmedia&parent=8145"}],"curies":[{"name":"wp","href":"https:\/\/api.w.org\/{rel}","templated":true}]}}