{"id":8219,"date":"2022-02-09T14:52:17","date_gmt":"2022-02-09T13:52:17","guid":{"rendered":"http:\/\/fibrainternacional.org\/?page_id=8219"},"modified":"2026-02-17T17:45:40","modified_gmt":"2026-02-17T16:45:40","slug":"diferentes-autoras-e-autores","status":"publish","type":"page","link":"https:\/\/fibrainternacional.org\/?page_id=8219","title":{"rendered":"Outras autorias"},"content":{"rendered":"<style type='text\/css' media='all'>#rt-tpg-container-307067499 .rt-holder .rt-woo-info .price{color:#0367bf;}body .rt-tpg-container .rt-tpg-isotope-buttons .selected,\n\t\t\t\t\t#rt-tpg-container-307067499 .layout12 .rt-holder:hover .rt-detail,\n\t\t\t\t\t#rt-tpg-container-307067499 .isotope8 .rt-holder:hover .rt-detail,\n\t\t\t\t\t#rt-tpg-container-307067499 .carousel8 .rt-holder:hover .rt-detail,\n\t\t\t\t\t#rt-tpg-container-307067499 .layout13 .rt-holder .overlay .post-info,\n\t\t\t\t\t#rt-tpg-container-307067499 .isotope9 .rt-holder .overlay .post-info,\n\t\t\t\t\t#rt-tpg-container-307067499.rt-tpg-container .layout4 .rt-holder .rt-detail,\n\t\t\t\t\t.rt-modal-307067499 .md-content,\n\t\t\t\t\t.rt-modal-307067499 .md-content > .rt-md-content-holder .rt-md-content,\n\t\t\t\t\t.rt-popup-wrap-307067499.rt-popup-wrap .rt-popup-navigation-wrap,\n\t\t\t\t\t#rt-tpg-container-307067499 .carousel9 .rt-holder .overlay .post-info{background-color:#0367bf;}#rt-tpg-container-307067499 .layout5 .rt-holder .overlay, #rt-tpg-container-307067499 .isotope2 .rt-holder .overlay, #rt-tpg-container-307067499 .carousel2 .rt-holder .overlay,#rt-tpg-container-307067499 .layout15 .rt-holder h3, #rt-tpg-container-307067499 .isotope11 .rt-holder h3, #rt-tpg-container-307067499 .carousel11 .rt-holder h3, #rt-tpg-container-307067499 .layout16 .rt-holder h3,\n\t\t\t\t\t#rt-tpg-container-307067499 .isotope12 .rt-holder h3, #rt-tpg-container-307067499 .carousel12 .rt-holder h3 {background-color:rgba(3,103,191,0.8);}#rt-tpg-container-307067499 .read-more a{border-radius:px;}#rt-tpg-container-307067499 .rt-img-holder img.rt-img-responsive,#rt-tpg-container-307067499 .rt-img-holder,\n\t\t\t\t\t#rt-tpg-container-307067499 .rt-post-overlay .post-img,\n\t\t\t\t\t#rt-tpg-container-307067499 .post-sm .post-img,\n\t\t\t\t\t#rt-tpg-container-307067499 .rt-post-grid .post-img,\n\t\t\t\t\t#rt-tpg-container-307067499 .post-img img {border-radius:px;}<\/style><div class='rt-container-fluid rt-tpg-container tpg-shortcode-main-wrapper ' id='rt-tpg-container-307067499'   data-layout='layout1' data-grid-style='even' data-desktop-col='3'  data-tab-col='2'  data-mobile-col='1' data-sc-id='11288'><div class=\"tpg-widget-heading-wrapper heading-style1 \"><span class=\"tpg-widget-heading-line line-left\"><\/span><h2 class=\"tpg-widget-heading\">Outras autorias<\/h2><span class=\"tpg-widget-heading-line\"><\/span><\/div><div data-title='Loading ...' class='rt-row rt-content-loader   layout1 tpg-even '><div class=\"rt-col-md-4 rt-col-sm-6 rt-col-xs-12 even-grid-item rt-grid-item\" data-id=\"8590\"><div class=\"rt-holder\"><div class=\"rt-img-holder\"><a data-id=\"8590\" class=\"\" href=\"https:\/\/fibrainternacional.org\/?p=8590\"><img fetchpriority=\"high\" decoding=\"async\" width=\"1600\" height=\"900\" src=\"https:\/\/fibrainternacional.org\/wp-content\/uploads\/2022\/04\/Sem-nome-Post-para-Twitter-1.png\" class=\"rt-img-responsive \" alt=\"\" \/><\/a><\/div><div class='rt-detail'><h3 class=\"entry-title\"><a data-id=\"8590\" class=\"\" href=\"https:\/\/fibrainternacional.org\/?p=8590\">Voto de &#8216;barrage&#8217; \u00e9 poss\u00edvel no Brasil?<\/a><\/h3><div class='post-meta-user  '><span class='author'><i class='fa fa-user '><\/i><a href=\"https:\/\/fibrainternacional.org\/?author=2\">clearwaterdijk<\/a><\/span><span class='date'><i class='far fa-calendar-alt '><\/i>25 de abril de 2022<\/span><span class='categories-links'><i class='fas fa-folder-open '><\/i><a class=\"artigos\" href=\"https:\/\/fibrainternacional.org\/?cat=6\" rel=\"tag\">Artigos<\/a><span class=\"rt-separator\">,<\/span><a class=\"artigos-antigos\" href=\"https:\/\/fibrainternacional.org\/?cat=4\" rel=\"tag\">Artigos + antigos<\/a><span class=\"rt-separator\">,<\/span><a class=\"colunistas\" href=\"https:\/\/fibrainternacional.org\/?cat=197\" rel=\"tag\">Colunistas<\/a><span class=\"rt-separator\">,<\/span><a class=\"ermeson\" href=\"https:\/\/fibrainternacional.org\/?cat=200\" rel=\"tag\">Ermeson Vieira<\/a><span class=\"rt-separator\">,<\/span><a class=\"opiniao\" href=\"https:\/\/fibrainternacional.org\/?cat=9\" rel=\"tag\">opiniao<\/a><span class=\"rt-separator\">,<\/span><a class=\"outras-autorias\" href=\"https:\/\/fibrainternacional.org\/?cat=332\" rel=\"tag\">Outras autorias<\/a><span class=\"rt-separator\">,<\/span><a class=\"reportagens\" href=\"https:\/\/fibrainternacional.org\/?cat=10\" rel=\"tag\">Reportagens<\/a><\/span><span class=\"comment-count\"><i class='fas fa-comments '><\/i><a href='https:\/\/fibrainternacional.org\/?p=8590#comments'>(3) <\/a><\/span><\/div><div class='tpg-excerpt'>Por Ermeson Vieira Gondim Macron e sua esposa Brigitte marchando entre um grupo de jovens...<\/div><div class='post-meta '><span class='read-more'><a data-id='8590' class='' href='https:\/\/fibrainternacional.org\/?p=8590'>Read More<\/a><\/span><\/div><\/div><\/div><\/div><div class=\"rt-col-md-4 rt-col-sm-6 rt-col-xs-12 even-grid-item rt-grid-item\" data-id=\"10046\"><div class=\"rt-holder\"><div class=\"rt-img-holder\"><a data-id=\"10046\" class=\"\" href=\"https:\/\/fibrainternacional.org\/?p=10046\"><img decoding=\"async\" width=\"2550\" height=\"1426\" src=\"https:\/\/fibrainternacional.org\/wp-content\/uploads\/2023\/06\/Screenshot-2023-06-30-at-08.54.11.png\" class=\"rt-img-responsive \" alt=\"\" \/><\/a><\/div><div class='rt-detail'><h3 class=\"entry-title\"><a data-id=\"10046\" class=\"\" href=\"https:\/\/fibrainternacional.org\/?p=10046\">Um novo pacto financeiro global \u00e9 poss\u00edvel?<\/a><\/h3><div class='post-meta-user  '><span class='author'><i class='fa fa-user '><\/i><a href=\"https:\/\/fibrainternacional.org\/?author=2\">clearwaterdijk<\/a><\/span><span class='date'><i class='far fa-calendar-alt '><\/i>30 de junho de 2023<\/span><span class='categories-links'><i class='fas fa-folder-open '><\/i><a class=\"colunistas\" href=\"https:\/\/fibrainternacional.org\/?cat=197\" rel=\"tag\">Colunistas<\/a><span class=\"rt-separator\">,<\/span><a class=\"outras-autorias\" href=\"https:\/\/fibrainternacional.org\/?cat=332\" rel=\"tag\">Outras autorias<\/a><span class=\"rt-separator\">,<\/span><a class=\"reportagens\" href=\"https:\/\/fibrainternacional.org\/?cat=10\" rel=\"tag\">Reportagens<\/a><\/span><span class=\"comment-count\"><i class='fas fa-comments '><\/i><a href='https:\/\/fibrainternacional.org\/?p=10046#respond'>(0) <\/a><\/span><\/div><div class='tpg-excerpt'>Por M\u00e1rcia Camargos e Solange CidreiraPublicado originalmente no Jornal Opera Mundi Paris (Fran\u00e7a), 29 de...<\/div><div class='post-meta '><span class='read-more'><a data-id='10046' class='' href='https:\/\/fibrainternacional.org\/?p=10046'>Read More<\/a><\/span><\/div><\/div><\/div><\/div><div class=\"rt-col-md-4 rt-col-sm-6 rt-col-xs-12 even-grid-item rt-grid-item\" data-id=\"10540\"><div class=\"rt-holder\"><div class=\"rt-img-holder\"><a data-id=\"10540\" class=\"\" href=\"https:\/\/fibrainternacional.org\/?p=10540\"><img decoding=\"async\" width=\"1920\" height=\"1076\" src=\"https:\/\/fibrainternacional.org\/wp-content\/uploads\/2025\/04\/Screenshot-2025-04-25-at-09.32.50.jpg\" class=\"rt-img-responsive \" alt=\"\" \/><\/a><\/div><div class='rt-detail'><h3 class=\"entry-title\"><a data-id=\"10540\" class=\"\" href=\"https:\/\/fibrainternacional.org\/?p=10540\">Reforma Agr\u00e1ria no Brasil: a atualidade de uma bandeira hist\u00f3rica<\/a><\/h3><div class='post-meta-user  '><span class='author'><i class='fa fa-user '><\/i><a href=\"https:\/\/fibrainternacional.org\/?author=2\">clearwaterdijk<\/a><\/span><span class='date'><i class='far fa-calendar-alt '><\/i>21 de abril de 2025<\/span><span class='categories-links'><i class='fas fa-folder-open '><\/i><a class=\"colunistas\" href=\"https:\/\/fibrainternacional.org\/?cat=197\" rel=\"tag\">Colunistas<\/a><span class=\"rt-separator\">,<\/span><a class=\"outras-autorias\" href=\"https:\/\/fibrainternacional.org\/?cat=332\" rel=\"tag\">Outras autorias<\/a><span class=\"rt-separator\">,<\/span><a class=\"reportagens\" href=\"https:\/\/fibrainternacional.org\/?cat=10\" rel=\"tag\">Reportagens<\/a><\/span><span class=\"comment-count\"><i class='fas fa-comments '><\/i><a href='https:\/\/fibrainternacional.org\/?p=10540#comments'>(1) <\/a><\/span><\/div><div class='tpg-excerpt'>Com 850 milh\u00f5es de hectares de extens\u00e3o territorial, o Brasil \u00e9 ainda campe\u00e3o em concentra\u00e7\u00e3o...<\/div><div class='post-meta '><span class='read-more'><a data-id='10540' class='' href='https:\/\/fibrainternacional.org\/?p=10540'>Read More<\/a><\/span><\/div><\/div><\/div><\/div><div class=\"rt-col-md-4 rt-col-sm-6 rt-col-xs-12 even-grid-item rt-grid-item\" data-id=\"1903\"><div class=\"rt-holder\"><div class=\"rt-img-holder\"><a data-id=\"1903\" class=\"\" href=\"https:\/\/fibrainternacional.org\/?p=1903\"><img loading=\"lazy\" decoding=\"async\" width=\"1024\" height=\"1024\" src=\"https:\/\/fibrainternacional.org\/wp-content\/uploads\/2021\/02\/gray-white-and-black-quote-instagram-post.png\" class=\"rt-img-responsive \" alt=\"\" \/><\/a><\/div><div class='rt-detail'><h3 class=\"entry-title\"><a data-id=\"1903\" class=\"\" href=\"https:\/\/fibrainternacional.org\/?p=1903\">Precisamos falar de economia<\/a><\/h3><div class='post-meta-user  '><span class='author'><i class='fa fa-user '><\/i><a href=\"https:\/\/fibrainternacional.org\/?author=1\">FibraInternacional<\/a><\/span><span class='date'><i class='far fa-calendar-alt '><\/i>9 de fevereiro de 2021<\/span><span class='categories-links'><i class='fas fa-folder-open '><\/i><a class=\"artigos\" href=\"https:\/\/fibrainternacional.org\/?cat=6\" rel=\"tag\">Artigos<\/a><span class=\"rt-separator\">,<\/span><a class=\"ermeson\" href=\"https:\/\/fibrainternacional.org\/?cat=200\" rel=\"tag\">Ermeson Vieira<\/a><span class=\"rt-separator\">,<\/span><a class=\"opiniao\" href=\"https:\/\/fibrainternacional.org\/?cat=9\" rel=\"tag\">opiniao<\/a><span class=\"rt-separator\">,<\/span><a class=\"outras-autorias\" href=\"https:\/\/fibrainternacional.org\/?cat=332\" rel=\"tag\">Outras autorias<\/a><span class=\"rt-separator\">,<\/span><a class=\"reportagens\" href=\"https:\/\/fibrainternacional.org\/?cat=10\" rel=\"tag\">Reportagens<\/a><span class=\"rt-separator\">,<\/span><a class=\"sem-categoria\" href=\"https:\/\/fibrainternacional.org\/?cat=1\" rel=\"tag\">Sem categoria<\/a><\/span><span class='post-tags-links'><i class='fa fa-tags '><\/i><a href=\"https:\/\/fibrainternacional.org\/?tag=auxilio-emergencial\" rel=\"tag\">aux\u00edlio emergencial<\/a><span class=\"rt-separator\">,<\/span><a href=\"https:\/\/fibrainternacional.org\/?tag=bolsonaro\" rel=\"tag\">Bolsonaro<\/a><span class=\"rt-separator\">,<\/span><a href=\"https:\/\/fibrainternacional.org\/?tag=desemprego\" rel=\"tag\">desemprego<\/a><span class=\"rt-separator\">,<\/span><a href=\"https:\/\/fibrainternacional.org\/?tag=miseria\" rel=\"tag\">mis\u00e9ria<\/a><span class=\"rt-separator\">,<\/span><a href=\"https:\/\/fibrainternacional.org\/?tag=pobreza\" rel=\"tag\">pobreza<\/a><span class=\"rt-separator\">,<\/span><a href=\"https:\/\/fibrainternacional.org\/?tag=psicopolitica\" rel=\"tag\">psicopol\u00edtica<\/a><span class=\"rt-separator\">,<\/span><a href=\"https:\/\/fibrainternacional.org\/?tag=redes-sociais\" rel=\"tag\">Redes Sociais<\/a><span class=\"rt-separator\">,<\/span><a href=\"https:\/\/fibrainternacional.org\/?tag=temer\" rel=\"tag\">Temer<\/a><\/span><span class=\"comment-count\"><i class='fas fa-comments '><\/i>(0)<\/span><\/div><div class='tpg-excerpt'>&#8220;Tudo o que era s\u00f3lido desmancha no ar, tudo o que era sagrado \u00e9 profanado...<\/div><div class='post-meta '><span class='read-more'><a data-id='1903' class='' href='https:\/\/fibrainternacional.org\/?p=1903'>Read More<\/a><\/span><\/div><\/div><\/div><\/div><div class=\"rt-col-md-4 rt-col-sm-6 rt-col-xs-12 even-grid-item rt-grid-item\" data-id=\"8640\"><div class=\"rt-holder\"><div class=\"rt-img-holder\"><a data-id=\"8640\" class=\"\" href=\"https:\/\/fibrainternacional.org\/?p=8640\"><img loading=\"lazy\" decoding=\"async\" width=\"1600\" height=\"900\" src=\"https:\/\/fibrainternacional.org\/wp-content\/uploads\/2022\/05\/Star-Wars-Post-para-Twitter-2.png\" class=\"rt-img-responsive \" alt=\"\" \/><\/a><\/div><div class='rt-detail'><h3 class=\"entry-title\"><a data-id=\"8640\" class=\"\" href=\"https:\/\/fibrainternacional.org\/?p=8640\">Post Datum: P\u00f3s-verdade e fake news no caso judicial de Lula<\/a><\/h3><div class='post-meta-user  '><span class='author'><i class='fa fa-user '><\/i><a href=\"https:\/\/fibrainternacional.org\/?author=2\">clearwaterdijk<\/a><\/span><span class='date'><i class='far fa-calendar-alt '><\/i>3 de maio de 2022<\/span><span class='categories-links'><i class='fas fa-folder-open '><\/i><a class=\"artigos\" href=\"https:\/\/fibrainternacional.org\/?cat=6\" rel=\"tag\">Artigos<\/a><span class=\"rt-separator\">,<\/span><a class=\"ermeson\" href=\"https:\/\/fibrainternacional.org\/?cat=200\" rel=\"tag\">Ermeson Vieira<\/a><span class=\"rt-separator\">,<\/span><a class=\"opiniao\" href=\"https:\/\/fibrainternacional.org\/?cat=9\" rel=\"tag\">opiniao<\/a><span class=\"rt-separator\">,<\/span><a class=\"outras-autorias\" href=\"https:\/\/fibrainternacional.org\/?cat=332\" rel=\"tag\">Outras autorias<\/a><span class=\"rt-separator\">,<\/span><a class=\"reportagens\" href=\"https:\/\/fibrainternacional.org\/?cat=10\" rel=\"tag\">Reportagens<\/a><\/span><span class=\"comment-count\"><i class='fas fa-comments '><\/i><a href='https:\/\/fibrainternacional.org\/?p=8640#respond'>(0) <\/a><\/span><\/div><div class='tpg-excerpt'>Por Ermeson Vieira Gondim Em fevereiro de 2015 escrevi um texto entitulado \u2018Debates sobre p\u00f3s-verdade...<\/div><div class='post-meta '><span class='read-more'><a data-id='8640' class='' href='https:\/\/fibrainternacional.org\/?p=8640'>Read More<\/a><\/span><\/div><\/div><\/div><\/div><div class=\"rt-col-md-4 rt-col-sm-6 rt-col-xs-12 even-grid-item rt-grid-item\" data-id=\"7985\"><div class=\"rt-holder\"><div class=\"rt-img-holder\"><a data-id=\"7985\" class=\"\" href=\"https:\/\/fibrainternacional.org\/?p=7985\"><img loading=\"lazy\" decoding=\"async\" width=\"1600\" height=\"900\" src=\"https:\/\/fibrainternacional.org\/wp-content\/uploads\/2022\/01\/a-volta-dos-bichos-1.png\" class=\"rt-img-responsive \" alt=\"\" \/><\/a><\/div><div class='rt-detail'><h3 class=\"entry-title\"><a data-id=\"7985\" class=\"\" href=\"https:\/\/fibrainternacional.org\/?p=7985\">Pol\u00edtica teoricof\u00f3bica<\/a><\/h3><div class='post-meta-user  '><span class='author'><i class='fa fa-user '><\/i><a href=\"https:\/\/fibrainternacional.org\/?author=2\">clearwaterdijk<\/a><\/span><span class='date'><i class='far fa-calendar-alt '><\/i>15 de janeiro de 2022<\/span><span class='categories-links'><i class='fas fa-folder-open '><\/i><a class=\"artigos\" href=\"https:\/\/fibrainternacional.org\/?cat=6\" rel=\"tag\">Artigos<\/a><span class=\"rt-separator\">,<\/span><a class=\"artigos-antigos\" href=\"https:\/\/fibrainternacional.org\/?cat=4\" rel=\"tag\">Artigos + antigos<\/a><span class=\"rt-separator\">,<\/span><a class=\"colunistas\" href=\"https:\/\/fibrainternacional.org\/?cat=197\" rel=\"tag\">Colunistas<\/a><span class=\"rt-separator\">,<\/span><a class=\"ermeson\" href=\"https:\/\/fibrainternacional.org\/?cat=200\" rel=\"tag\">Ermeson Vieira<\/a><span class=\"rt-separator\">,<\/span><a class=\"outras-autorias\" href=\"https:\/\/fibrainternacional.org\/?cat=332\" rel=\"tag\">Outras autorias<\/a><span class=\"rt-separator\">,<\/span><a class=\"reportagens\" href=\"https:\/\/fibrainternacional.org\/?cat=10\" rel=\"tag\">Reportagens<\/a><\/span><span class=\"comment-count\"><i class='fas fa-comments '><\/i><a href='https:\/\/fibrainternacional.org\/?p=7985#comments'>(2) <\/a><\/span><\/div><div class='tpg-excerpt'>Por Ermeson Vieira Desde a Revolu\u00e7\u00e3o Francesa at\u00e9 o nosso tempo, os movimentos sociais t\u00eam...<\/div><div class='post-meta '><span class='read-more'><a data-id='7985' class='' href='https:\/\/fibrainternacional.org\/?p=7985'>Read More<\/a><\/span><\/div><\/div><\/div><\/div><div class=\"rt-col-md-4 rt-col-sm-6 rt-col-xs-12 even-grid-item rt-grid-item\" data-id=\"10514\"><div class=\"rt-holder\"><div class=\"rt-img-holder\"><a data-id=\"10514\" class=\"\" href=\"https:\/\/fibrainternacional.org\/?p=10514\"><img loading=\"lazy\" decoding=\"async\" width=\"1920\" height=\"1077\" src=\"https:\/\/fibrainternacional.org\/wp-content\/uploads\/2025\/02\/Screenshot-2025-02-19-at-22.33.10.jpg\" class=\"rt-img-responsive \" alt=\"\" \/><\/a><\/div><div class='rt-detail'><h3 class=\"entry-title\"><a data-id=\"10514\" class=\"\" href=\"https:\/\/fibrainternacional.org\/?p=10514\">O Rei est\u00e1 nu.<\/a><\/h3><div class='post-meta-user  '><span class='author'><i class='fa fa-user '><\/i><a href=\"https:\/\/fibrainternacional.org\/?author=2\">clearwaterdijk<\/a><\/span><span class='date'><i class='far fa-calendar-alt '><\/i>19 de fevereiro de 2025<\/span><span class='categories-links'><i class='fas fa-folder-open '><\/i><a class=\"colunistas\" href=\"https:\/\/fibrainternacional.org\/?cat=197\" rel=\"tag\">Colunistas<\/a><span class=\"rt-separator\">,<\/span><a class=\"outras-autorias\" href=\"https:\/\/fibrainternacional.org\/?cat=332\" rel=\"tag\">Outras autorias<\/a><\/span><span class=\"comment-count\"><i class='fas fa-comments '><\/i><a href='https:\/\/fibrainternacional.org\/?p=10514#respond'>(0) <\/a><\/span><\/div><div class='tpg-excerpt'>Amsterdam, 15 de fevereiro de 2025. Por Lu\u00edza Monteiro, para o site da Fibra.@luiza.monteiro Assim...<\/div><div class='post-meta '><span class='read-more'><a data-id='10514' class='' href='https:\/\/fibrainternacional.org\/?p=10514'>Read More<\/a><\/span><\/div><\/div><\/div><\/div><div class=\"rt-col-md-4 rt-col-sm-6 rt-col-xs-12 even-grid-item rt-grid-item\" data-id=\"9135\"><div class=\"rt-holder\"><div class=\"rt-img-holder\"><a data-id=\"9135\" class=\"\" href=\"https:\/\/fibrainternacional.org\/?p=9135\"><img loading=\"lazy\" decoding=\"async\" width=\"2552\" height=\"1434\" src=\"https:\/\/fibrainternacional.org\/wp-content\/uploads\/2022\/08\/Screenshot-2022-08-26-at-20.12.33.png\" class=\"rt-img-responsive \" alt=\"\" \/><\/a><\/div><div class='rt-detail'><h3 class=\"entry-title\"><a data-id=\"9135\" class=\"\" href=\"https:\/\/fibrainternacional.org\/?p=9135\">Na Globo, as tr\u00eas monstruosidades de Lula<\/a><\/h3><div class='post-meta-user  '><span class='author'><i class='fa fa-user '><\/i><a href=\"https:\/\/fibrainternacional.org\/?author=2\">clearwaterdijk<\/a><\/span><span class='date'><i class='far fa-calendar-alt '><\/i>26 de agosto de 2022<\/span><span class='categories-links'><i class='fas fa-folder-open '><\/i><a class=\"artigos\" href=\"https:\/\/fibrainternacional.org\/?cat=6\" rel=\"tag\">Artigos<\/a><span class=\"rt-separator\">,<\/span><a class=\"flavio\" href=\"https:\/\/fibrainternacional.org\/?cat=202\" rel=\"tag\">Fl\u00e1vio Carvalho<\/a><span class=\"rt-separator\">,<\/span><a class=\"outras-autorias\" href=\"https:\/\/fibrainternacional.org\/?cat=332\" rel=\"tag\">Outras autorias<\/a><span class=\"rt-separator\">,<\/span><a class=\"reportagens\" href=\"https:\/\/fibrainternacional.org\/?cat=10\" rel=\"tag\">Reportagens<\/a><\/span><span class=\"comment-count\"><i class='fas fa-comments '><\/i><a href='https:\/\/fibrainternacional.org\/?p=9135#respond'>(0) <\/a><\/span><\/div><div class='tpg-excerpt'>Por Fl\u00e1vio Carvalho, para o site da Fibra.Catalunha, 26 de agosto de 2022. \u201cJuntar-se com...<\/div><div class='post-meta '><span class='read-more'><a data-id='9135' class='' href='https:\/\/fibrainternacional.org\/?p=9135'>Read More<\/a><\/span><\/div><\/div><\/div><\/div><div class=\"rt-col-md-4 rt-col-sm-6 rt-col-xs-12 even-grid-item rt-grid-item\" data-id=\"7890\"><div class=\"rt-holder\"><div class=\"rt-img-holder\"><a data-id=\"7890\" class=\"\" href=\"https:\/\/fibrainternacional.org\/?p=7890\"><img loading=\"lazy\" decoding=\"async\" width=\"1600\" height=\"900\" src=\"https:\/\/fibrainternacional.org\/wp-content\/uploads\/2022\/01\/a-volta-dos-bichos.png\" class=\"rt-img-responsive \" alt=\"\" \/><\/a><\/div><div class='rt-detail'><h3 class=\"entry-title\"><a data-id=\"7890\" class=\"\" href=\"https:\/\/fibrainternacional.org\/?p=7890\">Meritocracia, identitarismo e frustra\u00e7\u00e3o<\/a><\/h3><div class='post-meta-user  '><span class='author'><i class='fa fa-user '><\/i><a href=\"https:\/\/fibrainternacional.org\/?author=2\">clearwaterdijk<\/a><\/span><span class='date'><i class='far fa-calendar-alt '><\/i>4 de janeiro de 2022<\/span><span class='categories-links'><i class='fas fa-folder-open '><\/i><a class=\"artigos\" href=\"https:\/\/fibrainternacional.org\/?cat=6\" rel=\"tag\">Artigos<\/a><span class=\"rt-separator\">,<\/span><a class=\"artigos-antigos\" href=\"https:\/\/fibrainternacional.org\/?cat=4\" rel=\"tag\">Artigos + antigos<\/a><span class=\"rt-separator\">,<\/span><a class=\"ermeson\" href=\"https:\/\/fibrainternacional.org\/?cat=200\" rel=\"tag\">Ermeson Vieira<\/a><span class=\"rt-separator\">,<\/span><a class=\"outras-autorias\" href=\"https:\/\/fibrainternacional.org\/?cat=332\" rel=\"tag\">Outras autorias<\/a><span class=\"rt-separator\">,<\/span><a class=\"reportagens\" href=\"https:\/\/fibrainternacional.org\/?cat=10\" rel=\"tag\">Reportagens<\/a><\/span><span class=\"comment-count\"><i class='fas fa-comments '><\/i><a href='https:\/\/fibrainternacional.org\/?p=7890#respond'>(0) <\/a><\/span><\/div><div class='tpg-excerpt'>&nbsp;Por Ermeson Vieira Recentemente fui convidado a participar de um grupo. Como todo mundo sabe...<\/div><div class='post-meta '><span class='read-more'><a data-id='7890' class='' href='https:\/\/fibrainternacional.org\/?p=7890'>Read More<\/a><\/span><\/div><\/div><\/div><\/div><\/div><div class='rt-pagination-wrap' data-total-pages='3' data-posts-per-page='9' data-type='pagination'  ><div class=\"rt-pagination\" ><ul class=\"pagination-list\"><li class=\"active\"><span>1<\/span><\/li><li><a data-paged='2' href='https:\/\/fibrainternacional.org\/index.php?rest_route=%2Fwp%2Fv2%2Fpages%2F8219&#038;paged=2'>2<\/a><\/li><li><a data-paged='3' href='https:\/\/fibrainternacional.org\/index.php?rest_route=%2Fwp%2Fv2%2Fpages%2F8219&#038;paged=3'>3<\/a><\/li><\/ul><\/div><\/div><\/div>\n","protected":false},"excerpt":{"rendered":"","protected":false},"author":2,"featured_media":0,"parent":0,"menu_order":0,"comment_status":"closed","ping_status":"closed","template":"","meta":{"om_disable_all_campaigns":false,"_eb_attr":"","footnotes":""},"class_list":["post-8219","page","type-page","status-publish","hentry","three-columns"],"aioseo_notices":[],"rttpg_featured_image_url":null,"rttpg_author":{"display_name":"clearwaterdijk","author_link":"https:\/\/fibrainternacional.org\/?author=2"},"rttpg_comment":0,"rttpg_category":"","rttpg_excerpt":null,"_links":{"self":[{"href":"https:\/\/fibrainternacional.org\/index.php?rest_route=\/wp\/v2\/pages\/8219","targetHints":{"allow":["GET"]}}],"collection":[{"href":"https:\/\/fibrainternacional.org\/index.php?rest_route=\/wp\/v2\/pages"}],"about":[{"href":"https:\/\/fibrainternacional.org\/index.php?rest_route=\/wp\/v2\/types\/page"}],"author":[{"embeddable":true,"href":"https:\/\/fibrainternacional.org\/index.php?rest_route=\/wp\/v2\/users\/2"}],"replies":[{"embeddable":true,"href":"https:\/\/fibrainternacional.org\/index.php?rest_route=%2Fwp%2Fv2%2Fcomments&post=8219"}],"version-history":[{"count":4,"href":"https:\/\/fibrainternacional.org\/index.php?rest_route=\/wp\/v2\/pages\/8219\/revisions"}],"predecessor-version":[{"id":11289,"href":"https:\/\/fibrainternacional.org\/index.php?rest_route=\/wp\/v2\/pages\/8219\/revisions\/11289"}],"wp:attachment":[{"href":"https:\/\/fibrainternacional.org\/index.php?rest_route=%2Fwp%2Fv2%2Fmedia&parent=8219"}],"curies":[{"name":"wp","href":"https:\/\/api.w.org\/{rel}","templated":true}]}}