{"id":8292,"date":"2022-02-24T17:23:10","date_gmt":"2022-02-24T16:23:10","guid":{"rendered":"http:\/\/fibrainternacional.org\/?page_id=8292"},"modified":"2022-03-19T15:11:15","modified_gmt":"2022-03-19T14:11:15","slug":"eleicoes-preguntas-e-respostas","status":"publish","type":"page","link":"https:\/\/fibrainternacional.org\/?page_id=8292","title":{"rendered":"Elei\u00e7\u00f5es: Perguntas e Respostas"},"content":{"rendered":"\n<div class=\"wp-block-vie-faq-vie-faq vie-faq\"><div class=\"vie-faq-question-wrapper\"><p class=\"vie-faq-question\">Sobre a import\u00e2ncia do voto no exterior.<\/p><div class=\"vie-faq-question-arrow\"> <\/div><\/div><div class=\"vie-faq-answer-wrapper\"><div><p class=\"vie-faq-answer\"><iframe title=\"Mora no exterior e quer votar em Outubro de 2022?\" width=\"640\" height=\"360\" src=\"https:\/\/www.youtube.com\/embed\/-XNc_-5JRFU?feature=oembed\" frameborder=\"0\" allow=\"accelerometer; autoplay; clipboard-write; encrypted-media; gyroscope; picture-in-picture; web-share\" referrerpolicy=\"strict-origin-when-cross-origin\" allowfullscreen><\/iframe><\/p><\/div><\/div><\/div>\n\n\n\n<div class=\"wp-block-vie-faq-vie-faq vie-faq\"><div class=\"vie-faq-question-wrapper\"><p class=\"vie-faq-question\">Pergunta de Ain\u00e1 (Barcelona), sobre o tempo de tr\u00e2mite do processo de transfer\u00eancia do t\u00edtulo de eleitor.<\/p><div class=\"vie-faq-question-arrow\"> <\/div><\/div><div class=\"vie-faq-answer-wrapper\"><div><p class=\"vie-faq-answer\"><iframe title=\"Mora no exterior e quer votar em Outubro de 2022?\" width=\"640\" height=\"360\" src=\"https:\/\/www.youtube.com\/embed\/FZomBHC8nDA?feature=oembed\" frameborder=\"0\" allow=\"accelerometer; autoplay; clipboard-write; encrypted-media; gyroscope; picture-in-picture; web-share\" referrerpolicy=\"strict-origin-when-cross-origin\" allowfullscreen><\/iframe><\/p><\/div><\/div><\/div>\n\n\n\n<div class=\"wp-block-vie-faq-vie-faq vie-faq\"><div class=\"vie-faq-question-wrapper\"><p class=\"vie-faq-question\">Pergunta de Juliana (Amsterdam), sobre como fazer para votar sem o t\u00edtulo de eleitor de papel.<\/p><div class=\"vie-faq-question-arrow\"> <\/div><\/div><div class=\"vie-faq-answer-wrapper\"><div><p class=\"vie-faq-answer\"><iframe title=\"Mora no exterior e quer votar em Outubro de 2022\" width=\"640\" height=\"360\" src=\"https:\/\/www.youtube.com\/embed\/NYXXXJMIGJM?feature=oembed\" frameborder=\"0\" allow=\"accelerometer; autoplay; clipboard-write; encrypted-media; gyroscope; picture-in-picture; web-share\" referrerpolicy=\"strict-origin-when-cross-origin\" allowfullscreen><\/iframe><\/p><\/div><\/div><\/div>\n\n\n\n<div class=\"wp-block-vie-faq-vie-faq vie-faq\"><div class=\"vie-faq-question-wrapper\"><p class=\"vie-faq-question\">Pergunta de Alexandre (Barcelona), sobre o prazo limite para fazer a transfer\u00eancia do t\u00edtulo de eleitor.<\/p><div class=\"vie-faq-question-arrow\"> <\/div><\/div><div class=\"vie-faq-answer-wrapper\"><div><p class=\"vie-faq-answer\"><iframe title=\"Mora no exterior e quer votar em Outubro de 2022?\" width=\"640\" height=\"360\" src=\"https:\/\/www.youtube.com\/embed\/E2Xk_KjJbH4?feature=oembed\" frameborder=\"0\" allow=\"accelerometer; autoplay; clipboard-write; encrypted-media; gyroscope; picture-in-picture; web-share\" referrerpolicy=\"strict-origin-when-cross-origin\" allowfullscreen><\/iframe><\/p><\/div><\/div><\/div>\n\n\n\n<div class=\"wp-block-vie-faq-vie-faq vie-faq\"><div class=\"vie-faq-question-wrapper\"><p class=\"vie-faq-question\">Pergunta de Karla (Barcelona), sobre ser necess\u00e1rio ir at\u00e9 o consulado, e se h\u00e1 prazo limite para fazer a transfer\u00eancia do t\u00edtulo de eleitor.<\/p><div class=\"vie-faq-question-arrow\"> <\/div><\/div><div class=\"vie-faq-answer-wrapper\"><div><p class=\"vie-faq-answer\"><iframe title=\"Mora no exterior e quer votar em Outubro de 2022?\" width=\"640\" height=\"360\" src=\"https:\/\/www.youtube.com\/embed\/7CAF2KHGkZI?feature=oembed\" frameborder=\"0\" allow=\"accelerometer; autoplay; clipboard-write; encrypted-media; gyroscope; picture-in-picture; web-share\" referrerpolicy=\"strict-origin-when-cross-origin\" allowfullscreen><\/iframe><\/p><\/div><\/div><\/div>\n\n\n\n<div class=\"wp-block-vie-faq-vie-faq vie-faq\"><div class=\"vie-faq-question-wrapper\"><p class=\"vie-faq-question\">Pergunta de Cris (Hamburgo), sobre recadastramento e, em caso de d\u00favidas, quem pode prestar esclarecimentos ao eleitor.<\/p><div class=\"vie-faq-question-arrow\"> <\/div><\/div><div class=\"vie-faq-answer-wrapper\"><div><p class=\"vie-faq-answer\"><iframe title=\"Mora no exterior e quer votar em Outubro de 2022?\" width=\"640\" height=\"360\" src=\"https:\/\/www.youtube.com\/embed\/hnuq6MjvNjg?feature=oembed\" frameborder=\"0\" allow=\"accelerometer; autoplay; clipboard-write; encrypted-media; gyroscope; picture-in-picture; web-share\" referrerpolicy=\"strict-origin-when-cross-origin\" allowfullscreen><\/iframe><\/p><\/div><\/div><\/div>\n\n\n\n<div class=\"wp-block-vie-faq-vie-faq vie-faq\"><div class=\"vie-faq-question-wrapper\"><p class=\"vie-faq-question\">Perfgunta de Edna (Alemanha), sobre ser preciso ir ao consulado e quais os documentos necess\u00e1rios para transferir o t\u00edtulo de eleitor.<\/p><div class=\"vie-faq-question-arrow\"> <\/div><\/div><div class=\"vie-faq-answer-wrapper\"><div><p class=\"vie-faq-answer\"><iframe title=\"Mora no exterior e quer votar em Outubro de 2022?\" width=\"640\" height=\"360\" src=\"https:\/\/www.youtube.com\/embed\/rL6EieXB9xw?feature=oembed\" frameborder=\"0\" allow=\"accelerometer; autoplay; clipboard-write; encrypted-media; gyroscope; picture-in-picture; web-share\" referrerpolicy=\"strict-origin-when-cross-origin\" allowfullscreen><\/iframe><\/p><\/div><\/div><\/div>\n\n\n\n<div class=\"wp-block-vie-faq-vie-faq vie-faq\"><div class=\"vie-faq-question-wrapper\"><p class=\"vie-faq-question\">Pergunta de Peka (Londres), sobre se \u00e9 necess\u00e1rio ir ao consulado e se \u00e9 complicado o processo para transferir o t\u00edtulo de eleitor.<\/p><div class=\"vie-faq-question-arrow\"> <\/div><\/div><div class=\"vie-faq-answer-wrapper\"><div><p class=\"vie-faq-answer\"><iframe title=\"Mora no exterior e quer votar em Outubro de 2022?\" width=\"640\" height=\"360\" src=\"https:\/\/www.youtube.com\/embed\/ozeRMIzsK5M?feature=oembed\" frameborder=\"0\" allow=\"accelerometer; autoplay; clipboard-write; encrypted-media; gyroscope; picture-in-picture; web-share\" referrerpolicy=\"strict-origin-when-cross-origin\" allowfullscreen><\/iframe><\/p><\/div><\/div><\/div>\n\n\n\n<div class=\"wp-block-vie-faq-vie-faq vie-faq\"><div class=\"vie-faq-question-wrapper\"><p class=\"vie-faq-question\">Sobre os funcionamento dos consulados para transfer\u00eancia do t\u00edtulo de eleitor.<\/p><div class=\"vie-faq-question-arrow\"> <\/div><\/div><div class=\"vie-faq-answer-wrapper\"><div><p class=\"vie-faq-answer\"><iframe title=\"Mora no exterior e quer votar em Outubro de 2022?\" width=\"640\" height=\"360\" src=\"https:\/\/www.youtube.com\/embed\/FgkC-fUiRZc?feature=oembed\" frameborder=\"0\" allow=\"accelerometer; autoplay; clipboard-write; encrypted-media; gyroscope; picture-in-picture; web-share\" referrerpolicy=\"strict-origin-when-cross-origin\" allowfullscreen><\/iframe><\/p><\/div><\/div><\/div>\n\n\n\n<div class=\"wp-block-vie-faq-vie-faq vie-faq\"><div class=\"vie-faq-question-wrapper\"><p class=\"vie-faq-question\">Pergunta de \u00c9rica (Alemanha), sobre como votar sem o t\u00edtulo de eleitor impresso.<\/p><div class=\"vie-faq-question-arrow\"> <\/div><\/div><div class=\"vie-faq-answer-wrapper\"><div><p class=\"vie-faq-answer\"><iframe title=\"Mora no exterior e quer votar em Outubro de 2022?\" width=\"640\" height=\"360\" src=\"https:\/\/www.youtube.com\/embed\/UpFHTZbsD6w?feature=oembed\" frameborder=\"0\" allow=\"accelerometer; autoplay; clipboard-write; encrypted-media; gyroscope; picture-in-picture; web-share\" referrerpolicy=\"strict-origin-when-cross-origin\" allowfullscreen><\/iframe><\/p><\/div><\/div><\/div>\n\n\n\n<div class=\"wp-block-vie-faq-vie-faq vie-faq\"><div class=\"vie-faq-question-wrapper\"><p class=\"vie-faq-question\">Pergunta de Dora (Berlim), sobre a import\u00e2ncia de transferir o t\u00edtulo de eleitor.<\/p><div class=\"vie-faq-question-arrow\"> <\/div><\/div><div class=\"vie-faq-answer-wrapper\"><div><p class=\"vie-faq-answer\"><iframe title=\"Mora no exterior e quer votar em Outubro de 2022?\" width=\"640\" height=\"360\" src=\"https:\/\/www.youtube.com\/embed\/krwmHPn9Zn4?feature=oembed\" frameborder=\"0\" allow=\"accelerometer; autoplay; clipboard-write; encrypted-media; gyroscope; picture-in-picture; web-share\" referrerpolicy=\"strict-origin-when-cross-origin\" allowfullscreen><\/iframe><\/p><\/div><\/div><\/div>\n\n\n\n<div class=\"wp-block-vie-faq-vie-faq vie-faq\"><div class=\"vie-faq-question-wrapper\"><p class=\"vie-faq-question\">Pergunta de Ellen (Barcelona), sobre a regulariza\u00e7\u00e3o do t\u00edtulo antes de transferir.<\/p><div class=\"vie-faq-question-arrow\"> <\/div><\/div><div class=\"vie-faq-answer-wrapper\"><div><p class=\"vie-faq-answer\"><iframe title=\"Mora no exterior e quer votar em Outubro de 2022?\" width=\"640\" height=\"360\" src=\"https:\/\/www.youtube.com\/embed\/0ZTj-WpUqbU?feature=oembed\" frameborder=\"0\" allow=\"accelerometer; autoplay; clipboard-write; encrypted-media; gyroscope; picture-in-picture; web-share\" referrerpolicy=\"strict-origin-when-cross-origin\" allowfullscreen><\/iframe><\/p><\/div><\/div><\/div>\n\n\n\n<div class=\"wp-block-vie-faq-vie-faq vie-faq\"><div class=\"vie-faq-question-wrapper\"><p class=\"vie-faq-question\">Pergunta de Katja (Barcelona), sobre o comprovante de resid\u00eancia.<\/p><div class=\"vie-faq-question-arrow\"> <\/div><\/div><div class=\"vie-faq-answer-wrapper\"><div><p class=\"vie-faq-answer\"><iframe title=\"Mora no exterior e quer votar em Outubro de 2022?\" width=\"640\" height=\"360\" src=\"https:\/\/www.youtube.com\/embed\/vsEn4ybwdp8?feature=oembed\" frameborder=\"0\" allow=\"accelerometer; autoplay; clipboard-write; encrypted-media; gyroscope; picture-in-picture; web-share\" referrerpolicy=\"strict-origin-when-cross-origin\" allowfullscreen><\/iframe><\/p><\/div><\/div><\/div>\n\n\n\n<div class=\"wp-block-vie-faq-vie-faq vie-faq\"><div class=\"vie-faq-question-wrapper\"><p class=\"vie-faq-question\">Laura, de Viena, fala de seu coletivo e conta como est\u00e3o orientando os brasileiros e brasileiras na \u00c1ustria sobre a import\u00e2ncia do voto no exterior!<\/p><div class=\"vie-faq-question-arrow\"> <\/div><\/div><div class=\"vie-faq-answer-wrapper\"><div><p class=\"vie-faq-answer\"><iframe title=\"Mora no exterior e quer votar em Outubro de 2022?\" width=\"640\" height=\"360\" src=\"https:\/\/www.youtube.com\/embed\/Bordi3rBIvA?feature=oembed\" frameborder=\"0\" allow=\"accelerometer; autoplay; clipboard-write; encrypted-media; gyroscope; picture-in-picture; web-share\" referrerpolicy=\"strict-origin-when-cross-origin\" allowfullscreen><\/iframe><\/p><\/div><\/div><\/div>\n\n\n\n<div class=\"wp-block-vie-faq-vie-faq vie-faq\"><div class=\"vie-faq-question-wrapper\"><p class=\"vie-faq-question\">Neste v\u00eddeo, Lisandra, de Barcelona, pergunta como as pessoas trans devem proceder para votar com o nome social!<\/p><div class=\"vie-faq-question-arrow\"> <\/div><\/div><div class=\"vie-faq-answer-wrapper\"><div><p class=\"vie-faq-answer\"><iframe title=\"Mora no exterior e quer votar em Outubro de 2022?\" width=\"640\" height=\"360\" src=\"https:\/\/www.youtube.com\/embed\/GKdw4hK2QkM?feature=oembed\" frameborder=\"0\" allow=\"accelerometer; autoplay; clipboard-write; encrypted-media; gyroscope; picture-in-picture; web-share\" referrerpolicy=\"strict-origin-when-cross-origin\" allowfullscreen><\/iframe><\/p><\/div><\/div><\/div>\n\n\n\n<div class=\"wp-block-vie-faq-vie-faq vie-faq\"><div class=\"vie-faq-question-wrapper\"><p class=\"vie-faq-question\">Namir, da Alemanha, pergunta como proceder caso n\u00e3o seja poss\u00edvel ir ao consulado no dia da elei\u00e7\u00e3o, e o que fazer caso o consulado n\u00e3o responda seu email!<\/p><div class=\"vie-faq-question-arrow\"> <\/div><\/div><div class=\"vie-faq-answer-wrapper\"><div><p class=\"vie-faq-answer\"><iframe title=\"Mora no exterior e quer votar em Outubro de 2022?\" width=\"640\" height=\"360\" src=\"https:\/\/www.youtube.com\/embed\/M6IGRgAPkyA?feature=oembed\" frameborder=\"0\" allow=\"accelerometer; autoplay; clipboard-write; encrypted-media; gyroscope; picture-in-picture; web-share\" referrerpolicy=\"strict-origin-when-cross-origin\" allowfullscreen><\/iframe><\/p><\/div><\/div><\/div>\n\n\n\n<div class=\"wp-block-vie-faq-vie-faq vie-faq\"><div class=\"vie-faq-question-wrapper\"><p class=\"vie-faq-question\">Maur\u00edcio, de Montreal, pergunta se \u00e9 necess\u00e1rio ir no consulado para transferir seu t\u00edtulo de eleitor!<\/p><div class=\"vie-faq-question-arrow\"> <\/div><\/div><div class=\"vie-faq-answer-wrapper\"><div><p class=\"vie-faq-answer\"><iframe title=\"Mora no exterior e quer votar em Outubro de 2022?\" width=\"640\" height=\"360\" src=\"https:\/\/www.youtube.com\/embed\/4K1kEjWrvCI?feature=oembed\" frameborder=\"0\" allow=\"accelerometer; autoplay; clipboard-write; encrypted-media; gyroscope; picture-in-picture; web-share\" referrerpolicy=\"strict-origin-when-cross-origin\" allowfullscreen><\/iframe><\/p><\/div><\/div><\/div>\n\n\n\n<div class=\"wp-block-vie-faq-vie-faq vie-faq\"><div class=\"vie-faq-question-wrapper\"><p class=\"vie-faq-question\">Lorena, da Alemanha, pergunta se \u00e9 necess\u00e1rio ir ao consulado para transferir seu t\u00edtulo de eleitor!<\/p><div class=\"vie-faq-question-arrow\"> <\/div><\/div><div class=\"vie-faq-answer-wrapper\"><div><p class=\"vie-faq-answer\"><iframe title=\"Mora no exterior e quer votar em Outubro de 2022?\" width=\"640\" height=\"360\" src=\"https:\/\/www.youtube.com\/embed\/HpVosubwrj4?feature=oembed\" frameborder=\"0\" allow=\"accelerometer; autoplay; clipboard-write; encrypted-media; gyroscope; picture-in-picture; web-share\" referrerpolicy=\"strict-origin-when-cross-origin\" allowfullscreen><\/iframe><\/p><\/div><\/div><\/div>\n\n\n\n<p><\/p>\n","protected":false},"excerpt":{"rendered":"","protected":false},"author":2,"featured_media":0,"parent":0,"menu_order":0,"comment_status":"closed","ping_status":"closed","template":"","meta":{"om_disable_all_campaigns":false,"_eb_attr":"","footnotes":""},"class_list":["post-8292","page","type-page","status-publish","hentry","three-columns"],"aioseo_notices":[],"rttpg_featured_image_url":null,"rttpg_author":{"display_name":"clearwaterdijk","author_link":"https:\/\/fibrainternacional.org\/?author=2"},"rttpg_comment":0,"rttpg_category":null,"rttpg_excerpt":null,"_links":{"self":[{"href":"https:\/\/fibrainternacional.org\/index.php?rest_route=\/wp\/v2\/pages\/8292","targetHints":{"allow":["GET"]}}],"collection":[{"href":"https:\/\/fibrainternacional.org\/index.php?rest_route=\/wp\/v2\/pages"}],"about":[{"href":"https:\/\/fibrainternacional.org\/index.php?rest_route=\/wp\/v2\/types\/page"}],"author":[{"embeddable":true,"href":"https:\/\/fibrainternacional.org\/index.php?rest_route=\/wp\/v2\/users\/2"}],"replies":[{"embeddable":true,"href":"https:\/\/fibrainternacional.org\/index.php?rest_route=%2Fwp%2Fv2%2Fcomments&post=8292"}],"version-history":[{"count":37,"href":"https:\/\/fibrainternacional.org\/index.php?rest_route=\/wp\/v2\/pages\/8292\/revisions"}],"predecessor-version":[{"id":8498,"href":"https:\/\/fibrainternacional.org\/index.php?rest_route=\/wp\/v2\/pages\/8292\/revisions\/8498"}],"wp:attachment":[{"href":"https:\/\/fibrainternacional.org\/index.php?rest_route=%2Fwp%2Fv2%2Fmedia&parent=8292"}],"curies":[{"name":"wp","href":"https:\/\/api.w.org\/{rel}","templated":true}]}}