{"id":8955,"date":"2022-08-07T19:56:44","date_gmt":"2022-08-07T17:56:44","guid":{"rendered":"http:\/\/fibrainternacional.org\/?page_id=8955"},"modified":"2026-02-17T17:43:19","modified_gmt":"2026-02-17T16:43:19","slug":"namir-martins","status":"publish","type":"page","link":"https:\/\/fibrainternacional.org\/?page_id=8955","title":{"rendered":"Namir Martins"},"content":{"rendered":"\n<div class=\"wp-block-media-text alignwide is-stacked-on-mobile\" style=\"grid-template-columns:56% auto\"><figure class=\"wp-block-media-text__media\"><img fetchpriority=\"high\" decoding=\"async\" width=\"1024\" height=\"576\" src=\"http:\/\/fibrainternacional.org\/wp-content\/uploads\/2022\/08\/Namir-Martins-1024x576.png\" alt=\"\" class=\"wp-image-8957 size-full\" srcset=\"https:\/\/fibrainternacional.org\/wp-content\/uploads\/2022\/08\/Namir-Martins-1024x576.png 1024w, https:\/\/fibrainternacional.org\/wp-content\/uploads\/2022\/08\/Namir-Martins-300x169.png 300w, https:\/\/fibrainternacional.org\/wp-content\/uploads\/2022\/08\/Namir-Martins-768x432.png 768w, https:\/\/fibrainternacional.org\/wp-content\/uploads\/2022\/08\/Namir-Martins-1536x864.png 1536w, https:\/\/fibrainternacional.org\/wp-content\/uploads\/2022\/08\/Namir-Martins-1170x658.png 1170w, https:\/\/fibrainternacional.org\/wp-content\/uploads\/2022\/08\/Namir-Martins-600x338.png 600w, https:\/\/fibrainternacional.org\/wp-content\/uploads\/2022\/08\/Namir-Martins.png 1600w\" sizes=\"(max-width: 1024px) 100vw, 1024px\" \/><\/figure><div class=\"wp-block-media-text__content\">\n<p>Paraense de Bel\u00e9m do Par\u00e1 &#8211; a cidade das Mangueiras, morou em S\u00e3o Paulo, onde estudou M\u00fasica na UNESP. Reside h\u00e1 31 anos na Alemanha. Estudou M\u00fasica em Hamburgo, e ali fez o Semin\u00e1rio da Pedagogia Waldorf, e trabalha como professora de m\u00fasica h\u00e1 mais de 20 anos (Escola Waldorf Intercultural). Namir \u00e9 regente do coral brasileiro de Kassel e Frankfurt. Sindicalista, integrante da Fibra, do Coletivo Desmascarando o Bolsonaro J\u00e1! e do Grupo Fora Bolsonaro-Frankfurt. <\/p>\n<\/div><\/div>\n\n\n\n<p class=\"has-luminous-vivid-amber-background-color has-background\">Siga Namir nas redes: <br>&#8211; <em>Facebook: @desmascarandobja<\/em><\/p>\n\n\n\n<p class=\"has-large-font-size\"><strong>ARTIGOS: <\/strong><\/p>\n\n\n<style type='text\/css' media='all'>#rt-tpg-container-3898420916 .rt-holder .rt-woo-info .price{color:#0367bf;}body .rt-tpg-container .rt-tpg-isotope-buttons .selected,\n\t\t\t\t\t#rt-tpg-container-3898420916 .layout12 .rt-holder:hover .rt-detail,\n\t\t\t\t\t#rt-tpg-container-3898420916 .isotope8 .rt-holder:hover .rt-detail,\n\t\t\t\t\t#rt-tpg-container-3898420916 .carousel8 .rt-holder:hover .rt-detail,\n\t\t\t\t\t#rt-tpg-container-3898420916 .layout13 .rt-holder .overlay .post-info,\n\t\t\t\t\t#rt-tpg-container-3898420916 .isotope9 .rt-holder .overlay .post-info,\n\t\t\t\t\t#rt-tpg-container-3898420916.rt-tpg-container .layout4 .rt-holder .rt-detail,\n\t\t\t\t\t.rt-modal-3898420916 .md-content,\n\t\t\t\t\t.rt-modal-3898420916 .md-content > .rt-md-content-holder .rt-md-content,\n\t\t\t\t\t.rt-popup-wrap-3898420916.rt-popup-wrap .rt-popup-navigation-wrap,\n\t\t\t\t\t#rt-tpg-container-3898420916 .carousel9 .rt-holder .overlay .post-info{background-color:#0367bf;}#rt-tpg-container-3898420916 .layout5 .rt-holder .overlay, #rt-tpg-container-3898420916 .isotope2 .rt-holder .overlay, #rt-tpg-container-3898420916 .carousel2 .rt-holder .overlay,#rt-tpg-container-3898420916 .layout15 .rt-holder h3, #rt-tpg-container-3898420916 .isotope11 .rt-holder h3, #rt-tpg-container-3898420916 .carousel11 .rt-holder h3, #rt-tpg-container-3898420916 .layout16 .rt-holder h3,\n\t\t\t\t\t#rt-tpg-container-3898420916 .isotope12 .rt-holder h3, #rt-tpg-container-3898420916 .carousel12 .rt-holder h3 {background-color:rgba(3,103,191,0.8);}#rt-tpg-container-3898420916 .read-more a{border-radius:px;}#rt-tpg-container-3898420916 .rt-img-holder img.rt-img-responsive,#rt-tpg-container-3898420916 .rt-img-holder,\n\t\t\t\t\t#rt-tpg-container-3898420916 .rt-post-overlay .post-img,\n\t\t\t\t\t#rt-tpg-container-3898420916 .post-sm .post-img,\n\t\t\t\t\t#rt-tpg-container-3898420916 .rt-post-grid .post-img,\n\t\t\t\t\t#rt-tpg-container-3898420916 .post-img img {border-radius:px;}<\/style><div class='rt-container-fluid rt-tpg-container tpg-shortcode-main-wrapper ' id='rt-tpg-container-3898420916'   data-layout='layout1' data-grid-style='even' data-desktop-col='3'  data-tab-col='2'  data-mobile-col='1' data-sc-id='11284'><div class=\"tpg-widget-heading-wrapper heading-style1 \"><span class=\"tpg-widget-heading-line line-left\"><\/span><h2 class=\"tpg-widget-heading\">Namir Martins<\/h2><span class=\"tpg-widget-heading-line\"><\/span><\/div><div data-title='Loading ...' class='rt-row rt-content-loader   layout1 tpg-even '><div class=\"rt-col-md-4 rt-col-sm-6 rt-col-xs-12 even-grid-item rt-grid-item\" data-id=\"8334\"><div class=\"rt-holder\"><div class=\"rt-img-holder\"><a data-id=\"8334\" class=\"\" href=\"https:\/\/fibrainternacional.org\/?p=8334\"><img decoding=\"async\" width=\"1600\" height=\"900\" src=\"https:\/\/fibrainternacional.org\/wp-content\/uploads\/2022\/02\/1.png\" class=\"rt-img-responsive \" alt=\"\" \/><\/a><\/div><div class='rt-detail'><h3 class=\"entry-title\"><a data-id=\"8334\" class=\"\" href=\"https:\/\/fibrainternacional.org\/?p=8334\">Sindicatos Alem\u00e3es solid\u00e1rios com a Luta Brasileira<\/a><\/h3><div class='post-meta-user  '><span class='author'><i class='fa fa-user '><\/i><a href=\"https:\/\/fibrainternacional.org\/?author=2\">clearwaterdijk<\/a><\/span><span class='date'><i class='far fa-calendar-alt '><\/i>25 de fevereiro de 2022<\/span><span class='categories-links'><i class='fas fa-folder-open '><\/i><a class=\"artigos\" href=\"https:\/\/fibrainternacional.org\/?cat=6\" rel=\"tag\">Artigos<\/a><span class=\"rt-separator\">,<\/span><a class=\"colunistas\" href=\"https:\/\/fibrainternacional.org\/?cat=197\" rel=\"tag\">Colunistas<\/a><span class=\"rt-separator\">,<\/span><a class=\"namir-martins\" href=\"https:\/\/fibrainternacional.org\/?cat=336\" rel=\"tag\">Namir Martins<\/a><span class=\"rt-separator\">,<\/span><a class=\"reportagens\" href=\"https:\/\/fibrainternacional.org\/?cat=10\" rel=\"tag\">Reportagens<\/a><\/span><span class=\"comment-count\"><i class='fas fa-comments '><\/i><a href='https:\/\/fibrainternacional.org\/?p=8334#respond'>(0) <\/a><\/span><\/div><div class='tpg-excerpt'>Por Namir Martins, para o site da Fibra. Frankfurt, 24 de fevereiro de 2022 Um...<\/div><div class='post-meta '><span class='read-more'><a data-id='8334' class='' href='https:\/\/fibrainternacional.org\/?p=8334'>Read More<\/a><\/span><\/div><\/div><\/div><\/div><div class=\"rt-col-md-4 rt-col-sm-6 rt-col-xs-12 even-grid-item rt-grid-item\" data-id=\"9828\"><div class=\"rt-holder\"><div class=\"rt-img-holder\"><a data-id=\"9828\" class=\"\" href=\"https:\/\/fibrainternacional.org\/?p=9828\"><img decoding=\"async\" width=\"2532\" height=\"1416\" src=\"https:\/\/fibrainternacional.org\/wp-content\/uploads\/2023\/04\/Screenshot-2023-04-29-at-13.42.04.png\" class=\"rt-img-responsive \" alt=\"\" \/><\/a><\/div><div class='rt-detail'><h3 class=\"entry-title\"><a data-id=\"9828\" class=\"\" href=\"https:\/\/fibrainternacional.org\/?p=9828\">Sindicato da Educa\u00e7\u00e3o e Ci\u00eancia (GEW) e os Ativistas Latino-Americanos.<\/a><\/h3><div class='post-meta-user  '><span class='author'><i class='fa fa-user '><\/i><a href=\"https:\/\/fibrainternacional.org\/?author=2\">clearwaterdijk<\/a><\/span><span class='date'><i class='far fa-calendar-alt '><\/i>29 de abril de 2023<\/span><span class='categories-links'><i class='fas fa-folder-open '><\/i><a class=\"namir-martins\" href=\"https:\/\/fibrainternacional.org\/?cat=336\" rel=\"tag\">Namir Martins<\/a><span class=\"rt-separator\">,<\/span><a class=\"reportagens\" href=\"https:\/\/fibrainternacional.org\/?cat=10\" rel=\"tag\">Reportagens<\/a><\/span><span class=\"comment-count\"><i class='fas fa-comments '><\/i><a href='https:\/\/fibrainternacional.org\/?p=9828#respond'>(0) <\/a><\/span><\/div><div class='tpg-excerpt'>Assim foi o Encontro entre eles. Por Namir Martins, para o site da FIBRA Frankfurt...<\/div><div class='post-meta '><span class='read-more'><a data-id='9828' class='' href='https:\/\/fibrainternacional.org\/?p=9828'>Read More<\/a><\/span><\/div><\/div><\/div><\/div><div class=\"rt-col-md-4 rt-col-sm-6 rt-col-xs-12 even-grid-item rt-grid-item\" data-id=\"8994\"><div class=\"rt-holder\"><div class=\"rt-img-holder\"><a data-id=\"8994\" class=\"\" href=\"https:\/\/fibrainternacional.org\/?p=8994\"><img loading=\"lazy\" decoding=\"async\" width=\"1740\" height=\"976\" src=\"https:\/\/fibrainternacional.org\/wp-content\/uploads\/2022\/08\/Screenshot-2022-08-08-at-19.34.54.png\" class=\"rt-img-responsive \" alt=\"\" \/><\/a><\/div><div class='rt-detail'><h3 class=\"entry-title\"><a data-id=\"8994\" class=\"\" href=\"https:\/\/fibrainternacional.org\/?p=8994\">Pride de Hamburgo: pequenos atos de resist\u00eancia<\/a><\/h3><div class='post-meta-user  '><span class='author'><i class='fa fa-user '><\/i><a href=\"https:\/\/fibrainternacional.org\/?author=2\">clearwaterdijk<\/a><\/span><span class='date'><i class='far fa-calendar-alt '><\/i>8 de agosto de 2022<\/span><span class='categories-links'><i class='fas fa-folder-open '><\/i><a class=\"artigos\" href=\"https:\/\/fibrainternacional.org\/?cat=6\" rel=\"tag\">Artigos<\/a><span class=\"rt-separator\">,<\/span><a class=\"colunistas\" href=\"https:\/\/fibrainternacional.org\/?cat=197\" rel=\"tag\">Colunistas<\/a><span class=\"rt-separator\">,<\/span><a class=\"namir-martins\" href=\"https:\/\/fibrainternacional.org\/?cat=336\" rel=\"tag\">Namir Martins<\/a><span class=\"rt-separator\">,<\/span><a class=\"reportagens\" href=\"https:\/\/fibrainternacional.org\/?cat=10\" rel=\"tag\">Reportagens<\/a><\/span><span class=\"comment-count\"><i class='fas fa-comments '><\/i><a href='https:\/\/fibrainternacional.org\/?p=8994#respond'>(0) <\/a><\/span><\/div><div class='tpg-excerpt'>Hamburgo, 08.08.2022 A semana do Pride em Hamburgo culminou no s\u00e1bado 06 de agosto com...<\/div><div class='post-meta '><span class='read-more'><a data-id='8994' class='' href='https:\/\/fibrainternacional.org\/?p=8994'>Read More<\/a><\/span><\/div><\/div><\/div><\/div><div class=\"rt-col-md-4 rt-col-sm-6 rt-col-xs-12 even-grid-item rt-grid-item\" data-id=\"8856\"><div class=\"rt-holder\"><div class=\"rt-img-holder\"><a data-id=\"8856\" class=\"\" href=\"https:\/\/fibrainternacional.org\/?p=8856\"><img loading=\"lazy\" decoding=\"async\" width=\"2552\" height=\"1430\" src=\"https:\/\/fibrainternacional.org\/wp-content\/uploads\/2022\/07\/Screenshot-2022-07-25-at-08.56.37.png\" class=\"rt-img-responsive \" alt=\"\" \/><\/a><\/div><div class='rt-detail'><h3 class=\"entry-title\"><a data-id=\"8856\" class=\"\" href=\"https:\/\/fibrainternacional.org\/?p=8856\">Os Cinco Anos de Ab\u00e1 e a Luta pelos Direitos Ind\u00edgenas!<\/a><\/h3><div class='post-meta-user  '><span class='author'><i class='fa fa-user '><\/i><a href=\"https:\/\/fibrainternacional.org\/?author=2\">clearwaterdijk<\/a><\/span><span class='date'><i class='far fa-calendar-alt '><\/i>25 de julho de 2022<\/span><span class='categories-links'><i class='fas fa-folder-open '><\/i><a class=\"artigos\" href=\"https:\/\/fibrainternacional.org\/?cat=6\" rel=\"tag\">Artigos<\/a><span class=\"rt-separator\">,<\/span><a class=\"colunistas\" href=\"https:\/\/fibrainternacional.org\/?cat=197\" rel=\"tag\">Colunistas<\/a><span class=\"rt-separator\">,<\/span><a class=\"namir-martins\" href=\"https:\/\/fibrainternacional.org\/?cat=336\" rel=\"tag\">Namir Martins<\/a><span class=\"rt-separator\">,<\/span><a class=\"reportagens\" href=\"https:\/\/fibrainternacional.org\/?cat=10\" rel=\"tag\">Reportagens<\/a><\/span><span class=\"comment-count\"><i class='fas fa-comments '><\/i><a href='https:\/\/fibrainternacional.org\/?p=8856#comments'>(1) <\/a><\/span><\/div><div class='tpg-excerpt'>Por Namir Martins, para o site da Fibra. Frankfurt, 24 de julho de 2022. H\u00e1...<\/div><div class='post-meta '><span class='read-more'><a data-id='8856' class='' href='https:\/\/fibrainternacional.org\/?p=8856'>Read More<\/a><\/span><\/div><\/div><\/div><\/div><div class=\"rt-col-md-4 rt-col-sm-6 rt-col-xs-12 even-grid-item rt-grid-item\" data-id=\"8499\"><div class=\"rt-holder\"><div class=\"rt-img-holder\"><a data-id=\"8499\" class=\"\" href=\"https:\/\/fibrainternacional.org\/?p=8499\"><img loading=\"lazy\" decoding=\"async\" width=\"2522\" height=\"1430\" src=\"https:\/\/fibrainternacional.org\/wp-content\/uploads\/2022\/03\/Screenshot-2022-03-20-at-00.03.11.png\" class=\"rt-img-responsive \" alt=\"\" \/><\/a><\/div><div class='rt-detail'><h3 class=\"entry-title\"><a data-id=\"8499\" class=\"\" href=\"https:\/\/fibrainternacional.org\/?p=8499\">O monstro da intoler\u00e2ncia cresce no Brasil<\/a><\/h3><div class='post-meta-user  '><span class='author'><i class='fa fa-user '><\/i><a href=\"https:\/\/fibrainternacional.org\/?author=2\">clearwaterdijk<\/a><\/span><span class='date'><i class='far fa-calendar-alt '><\/i>20 de mar\u00e7o de 2022<\/span><span class='categories-links'><i class='fas fa-folder-open '><\/i><a class=\"colunistas\" href=\"https:\/\/fibrainternacional.org\/?cat=197\" rel=\"tag\">Colunistas<\/a><span class=\"rt-separator\">,<\/span><a class=\"namir-martins\" href=\"https:\/\/fibrainternacional.org\/?cat=336\" rel=\"tag\">Namir Martins<\/a><span class=\"rt-separator\">,<\/span><a class=\"reportagens\" href=\"https:\/\/fibrainternacional.org\/?cat=10\" rel=\"tag\">Reportagens<\/a><\/span><span class=\"comment-count\"><i class='fas fa-comments '><\/i><a href='https:\/\/fibrainternacional.org\/?p=8499#respond'>(0) <\/a><\/span><\/div><div class='tpg-excerpt'>Por Namir Martins, para o site da Fibra. Frankfurt, 19 de mar\u00e7o de 2022. Aprendemos...<\/div><div class='post-meta '><span class='read-more'><a data-id='8499' class='' href='https:\/\/fibrainternacional.org\/?p=8499'>Read More<\/a><\/span><\/div><\/div><\/div><\/div><div class=\"rt-col-md-4 rt-col-sm-6 rt-col-xs-12 even-grid-item rt-grid-item\" data-id=\"8964\"><div class=\"rt-holder\"><div class=\"rt-img-holder\"><a data-id=\"8964\" class=\"\" href=\"https:\/\/fibrainternacional.org\/?p=8964\"><img loading=\"lazy\" decoding=\"async\" width=\"1474\" height=\"828\" src=\"https:\/\/fibrainternacional.org\/wp-content\/uploads\/2022\/08\/Screenshot-2022-08-08-at-11.40.13.png\" class=\"rt-img-responsive \" alt=\"\" \/><\/a><\/div><div class='rt-detail'><h3 class=\"entry-title\"><a data-id=\"8964\" class=\"\" href=\"https:\/\/fibrainternacional.org\/?p=8964\">O Futuro \u00e9 Colorido e Tolerante: A Christopher Street Day em Hamburgo!<\/a><\/h3><div class='post-meta-user  '><span class='author'><i class='fa fa-user '><\/i><a href=\"https:\/\/fibrainternacional.org\/?author=2\">clearwaterdijk<\/a><\/span><span class='date'><i class='far fa-calendar-alt '><\/i>8 de agosto de 2022<\/span><span class='categories-links'><i class='fas fa-folder-open '><\/i><a class=\"artigos\" href=\"https:\/\/fibrainternacional.org\/?cat=6\" rel=\"tag\">Artigos<\/a><span class=\"rt-separator\">,<\/span><a class=\"colunistas\" href=\"https:\/\/fibrainternacional.org\/?cat=197\" rel=\"tag\">Colunistas<\/a><span class=\"rt-separator\">,<\/span><a class=\"namir-martins\" href=\"https:\/\/fibrainternacional.org\/?cat=336\" rel=\"tag\">Namir Martins<\/a><span class=\"rt-separator\">,<\/span><a class=\"reportagens\" href=\"https:\/\/fibrainternacional.org\/?cat=10\" rel=\"tag\">Reportagens<\/a><\/span><span class=\"comment-count\"><i class='fas fa-comments '><\/i><a href='https:\/\/fibrainternacional.org\/?p=8964#respond'>(0) <\/a><\/span><\/div><div class='tpg-excerpt'>Por Namir Martins, para o site da FIBRAFrankfurt, 07\/08\/2022 Como diz o ditado: &#8220;antes tarde...<\/div><div class='post-meta '><span class='read-more'><a data-id='8964' class='' href='https:\/\/fibrainternacional.org\/?p=8964'>Read More<\/a><\/span><\/div><\/div><\/div><\/div><div class=\"rt-col-md-4 rt-col-sm-6 rt-col-xs-12 even-grid-item rt-grid-item\" data-id=\"10366\"><div class=\"rt-holder\"><div class=\"rt-img-holder\"><a data-id=\"10366\" class=\"\" href=\"https:\/\/fibrainternacional.org\/?p=10366\"><img loading=\"lazy\" decoding=\"async\" width=\"2924\" height=\"1642\" src=\"https:\/\/fibrainternacional.org\/wp-content\/uploads\/2024\/05\/Screenshot-2024-05-02-at-11.36.58.png\" class=\"rt-img-responsive \" alt=\"\" \/><\/a><\/div><div class='rt-detail'><h3 class=\"entry-title\"><a data-id=\"10366\" class=\"\" href=\"https:\/\/fibrainternacional.org\/?p=10366\">Mannheim no Dia do Trabalho<\/a><\/h3><div class='post-meta-user  '><span class='author'><i class='fa fa-user '><\/i><a href=\"https:\/\/fibrainternacional.org\/?author=2\">clearwaterdijk<\/a><\/span><span class='date'><i class='far fa-calendar-alt '><\/i>2 de maio de 2024<\/span><span class='categories-links'><i class='fas fa-folder-open '><\/i><a class=\"colunistas\" href=\"https:\/\/fibrainternacional.org\/?cat=197\" rel=\"tag\">Colunistas<\/a><span class=\"rt-separator\">,<\/span><a class=\"namir-martins\" href=\"https:\/\/fibrainternacional.org\/?cat=336\" rel=\"tag\">Namir Martins<\/a><span class=\"rt-separator\">,<\/span><a class=\"reportagens\" href=\"https:\/\/fibrainternacional.org\/?cat=10\" rel=\"tag\">Reportagens<\/a><\/span><span class=\"comment-count\"><i class='fas fa-comments '><\/i><a href='https:\/\/fibrainternacional.org\/?p=10366#comments'>(1) <\/a><\/span><\/div><div class='tpg-excerpt'>A resist\u00eancia brasileira na Alemanha lembra: Dia do Trabalho \u00e9 dia de luta! Mannheim, 1...<\/div><div class='post-meta '><span class='read-more'><a data-id='10366' class='' href='https:\/\/fibrainternacional.org\/?p=10366'>Read More<\/a><\/span><\/div><\/div><\/div><\/div><div class=\"rt-col-md-4 rt-col-sm-6 rt-col-xs-12 even-grid-item rt-grid-item\" data-id=\"9957\"><div class=\"rt-holder\"><div class=\"rt-img-holder\"><a data-id=\"9957\" class=\"\" href=\"https:\/\/fibrainternacional.org\/?p=9957\"><img loading=\"lazy\" decoding=\"async\" width=\"2548\" height=\"1432\" src=\"https:\/\/fibrainternacional.org\/wp-content\/uploads\/2023\/05\/Screenshot-2023-05-13-at-23.28.40.png\" class=\"rt-img-responsive \" alt=\"\" \/><\/a><\/div><div class='rt-detail'><h3 class=\"entry-title\"><a data-id=\"9957\" class=\"\" href=\"https:\/\/fibrainternacional.org\/?p=9957\">M\u00c3E, RAINHA DO LAR OU SIMPLESMENTE O DESEJO DE SER MULHER!<\/a><\/h3><div class='post-meta-user  '><span class='author'><i class='fa fa-user '><\/i><a href=\"https:\/\/fibrainternacional.org\/?author=2\">clearwaterdijk<\/a><\/span><span class='date'><i class='far fa-calendar-alt '><\/i>13 de maio de 2023<\/span><span class='categories-links'><i class='fas fa-folder-open '><\/i><a class=\"artigos\" href=\"https:\/\/fibrainternacional.org\/?cat=6\" rel=\"tag\">Artigos<\/a><span class=\"rt-separator\">,<\/span><a class=\"colunistas\" href=\"https:\/\/fibrainternacional.org\/?cat=197\" rel=\"tag\">Colunistas<\/a><span class=\"rt-separator\">,<\/span><a class=\"namir-martins\" href=\"https:\/\/fibrainternacional.org\/?cat=336\" rel=\"tag\">Namir Martins<\/a><span class=\"rt-separator\">,<\/span><a class=\"reportagens\" href=\"https:\/\/fibrainternacional.org\/?cat=10\" rel=\"tag\">Reportagens<\/a><\/span><span class=\"comment-count\"><i class='fas fa-comments '><\/i><a href='https:\/\/fibrainternacional.org\/?p=9957#respond'>(0) <\/a><\/span><\/div><div class='tpg-excerpt'>O chamado dia das m\u00e3es \u00e9 uma data onde se homenageia a figura da m\u00e3e...<\/div><div class='post-meta '><span class='read-more'><a data-id='9957' class='' href='https:\/\/fibrainternacional.org\/?p=9957'>Read More<\/a><\/span><\/div><\/div><\/div><\/div><div class=\"rt-col-md-4 rt-col-sm-6 rt-col-xs-12 even-grid-item rt-grid-item\" data-id=\"9820\"><div class=\"rt-holder\"><div class=\"rt-img-holder\"><a data-id=\"9820\" class=\"\" href=\"https:\/\/fibrainternacional.org\/?p=9820\"><img loading=\"lazy\" decoding=\"async\" width=\"2544\" height=\"1422\" src=\"https:\/\/fibrainternacional.org\/wp-content\/uploads\/2023\/04\/Screenshot-2023-04-28-at-12.27.47.png\" class=\"rt-img-responsive \" alt=\"\" \/><\/a><\/div><div class='rt-detail'><h3 class=\"entry-title\"><a data-id=\"9820\" class=\"\" href=\"https:\/\/fibrainternacional.org\/?p=9820\">Lula foi eleito: e da\u00ed?<\/a><\/h3><div class='post-meta-user  '><span class='author'><i class='fa fa-user '><\/i><a href=\"https:\/\/fibrainternacional.org\/?author=2\">clearwaterdijk<\/a><\/span><span class='date'><i class='far fa-calendar-alt '><\/i>28 de abril de 2023<\/span><span class='categories-links'><i class='fas fa-folder-open '><\/i><a class=\"namir-martins\" href=\"https:\/\/fibrainternacional.org\/?cat=336\" rel=\"tag\">Namir Martins<\/a><span class=\"rt-separator\">,<\/span><a class=\"reportagens\" href=\"https:\/\/fibrainternacional.org\/?cat=10\" rel=\"tag\">Reportagens<\/a><\/span><span class=\"comment-count\"><i class='fas fa-comments '><\/i><a href='https:\/\/fibrainternacional.org\/?p=9820#respond'>(0) <\/a><\/span><\/div><div class='tpg-excerpt'>Por Namir Martins, para o site da FIBRA Frankfurt, 01 de maio de 2023. Nos...<\/div><div class='post-meta '><span class='read-more'><a data-id='9820' class='' href='https:\/\/fibrainternacional.org\/?p=9820'>Read More<\/a><\/span><\/div><\/div><\/div><\/div><\/div><div class='rt-pagination-wrap' data-total-pages='3' data-posts-per-page='9' data-type='pagination'  ><div class=\"rt-pagination\" ><ul class=\"pagination-list\"><li class=\"active\"><span>1<\/span><\/li><li><a data-paged='2' href='https:\/\/fibrainternacional.org\/index.php?rest_route=%2Fwp%2Fv2%2Fpages%2F8955&#038;paged=2'>2<\/a><\/li><li><a data-paged='3' href='https:\/\/fibrainternacional.org\/index.php?rest_route=%2Fwp%2Fv2%2Fpages%2F8955&#038;paged=3'>3<\/a><\/li><\/ul><\/div><\/div><\/div>\n","protected":false},"excerpt":{"rendered":"<p>Paraense de Bel\u00e9m do Par\u00e1 &#8211; a cidade das Mangueiras, morou em S\u00e3o Paulo, onde estudou M\u00fasica na UNESP. Reside h\u00e1 31 anos na Alemanha.<\/p>\n","protected":false},"author":2,"featured_media":0,"parent":0,"menu_order":0,"comment_status":"closed","ping_status":"closed","template":"","meta":{"om_disable_all_campaigns":false,"_eb_attr":"","footnotes":""},"class_list":["post-8955","page","type-page","status-publish","hentry","three-columns"],"aioseo_notices":[],"rttpg_featured_image_url":null,"rttpg_author":{"display_name":"clearwaterdijk","author_link":"https:\/\/fibrainternacional.org\/?author=2"},"rttpg_comment":0,"rttpg_category":"","rttpg_excerpt":"Paraense de Bel\u00e9m do Par\u00e1 &#8211; a cidade das Mangueiras, morou em S\u00e3o Paulo, onde estudou M\u00fasica na UNESP. Reside h\u00e1 31 anos na Alemanha.","_links":{"self":[{"href":"https:\/\/fibrainternacional.org\/index.php?rest_route=\/wp\/v2\/pages\/8955","targetHints":{"allow":["GET"]}}],"collection":[{"href":"https:\/\/fibrainternacional.org\/index.php?rest_route=\/wp\/v2\/pages"}],"about":[{"href":"https:\/\/fibrainternacional.org\/index.php?rest_route=\/wp\/v2\/types\/page"}],"author":[{"embeddable":true,"href":"https:\/\/fibrainternacional.org\/index.php?rest_route=\/wp\/v2\/users\/2"}],"replies":[{"embeddable":true,"href":"https:\/\/fibrainternacional.org\/index.php?rest_route=%2Fwp%2Fv2%2Fcomments&post=8955"}],"version-history":[{"count":7,"href":"https:\/\/fibrainternacional.org\/index.php?rest_route=\/wp\/v2\/pages\/8955\/revisions"}],"predecessor-version":[{"id":11285,"href":"https:\/\/fibrainternacional.org\/index.php?rest_route=\/wp\/v2\/pages\/8955\/revisions\/11285"}],"wp:attachment":[{"href":"https:\/\/fibrainternacional.org\/index.php?rest_route=%2Fwp%2Fv2%2Fmedia&parent=8955"}],"curies":[{"name":"wp","href":"https:\/\/api.w.org\/{rel}","templated":true}]}}