{"id":9638,"date":"2023-03-10T12:38:52","date_gmt":"2023-03-10T11:38:52","guid":{"rendered":"http:\/\/fibrainternacional.org\/?page_id=9638"},"modified":"2024-02-28T09:06:47","modified_gmt":"2024-02-28T08:06:47","slug":"shorts-do-youtube","status":"publish","type":"page","link":"https:\/\/fibrainternacional.org\/?page_id=9638","title":{"rendered":"Shorts do You Tube"},"content":{"rendered":"\n<p class=\"has-pale-cyan-blue-background-color has-background\">Sele\u00e7\u00e3o de v\u00eddeos curtos enviados pelos Coletivos e membros da Fibra.<\/p>\n\n\n\n<hr class=\"wp-block-separator has-alpha-channel-opacity\"\/>\n\n\n\n<p class=\"has-vivid-red-color has-text-color has-link-color wp-elements-8a35a2d52d43e4507bfb1455ca8b9f01\"><strong>Shorts 2024<\/strong><\/p>\n\n\n\n<p class=\"has-vivid-red-color has-text-color has-link-color wp-elements-6f972a83fc2d1ba6c75618d94cbdbd58\"><strong>Shorts #1 &#8211; 06.02.202<\/strong>4<\/p>\n\n\n\n<figure class=\"wp-block-embed is-type-video is-provider-youtube wp-block-embed-youtube wp-embed-aspect-16-9 wp-has-aspect-ratio\"><div class=\"wp-block-embed__wrapper\">\n<iframe title=\"Bastidores Conae: professores pedem socorro!\" width=\"640\" height=\"360\" src=\"https:\/\/www.youtube.com\/embed\/C41aQfMDCZk?feature=oembed\" frameborder=\"0\" allow=\"accelerometer; autoplay; clipboard-write; encrypted-media; gyroscope; picture-in-picture; web-share\" referrerpolicy=\"strict-origin-when-cross-origin\" allowfullscreen><\/iframe>\n<\/div><figcaption class=\"wp-element-caption\">Manifesta\u00e7\u00e3o de professores e alunos da UESPI durante a greve em 2024. Arte de resist\u00eancia. Arte revolucion\u00e1ria.<\/figcaption><\/figure>\n\n\n\n<hr class=\"wp-block-separator has-alpha-channel-opacity\"\/>\n\n\n\n<p class=\"has-text-color\" style=\"color:#10364d\"><strong>Shorts #8 -09.06.2023<\/strong><\/p>\n\n\n\n<figure class=\"wp-block-embed is-type-video is-provider-youtube wp-block-embed-youtube wp-embed-aspect-16-9 wp-has-aspect-ratio\"><div class=\"wp-block-embed__wrapper\">\n<iframe title=\"Paris Contra o Marco Temporal\" width=\"640\" height=\"360\" src=\"https:\/\/www.youtube.com\/embed\/XkkVhSNe3vY?feature=oembed\" frameborder=\"0\" allow=\"accelerometer; autoplay; clipboard-write; encrypted-media; gyroscope; picture-in-picture; web-share\" referrerpolicy=\"strict-origin-when-cross-origin\" allowfullscreen><\/iframe>\n<\/div><figcaption class=\"wp-element-caption\">Paris Contra o Marco Temporal<\/figcaption><\/figure>\n\n\n\n<p class=\"has-text-color\" style=\"color:#10364d\"><strong>Shorts #7 -16.04.2023<\/strong><\/p>\n\n\n\n<figure class=\"wp-block-embed is-type-video is-provider-youtube wp-block-embed-youtube wp-embed-aspect-16-9 wp-has-aspect-ratio\"><div class=\"wp-block-embed__wrapper\">\n<iframe title=\"Luiza chama para o Encontro da Fibra\" width=\"640\" height=\"360\" src=\"https:\/\/www.youtube.com\/embed\/_9Zd8EE75Q8?feature=oembed\" frameborder=\"0\" allow=\"accelerometer; autoplay; clipboard-write; encrypted-media; gyroscope; picture-in-picture; web-share\" referrerpolicy=\"strict-origin-when-cross-origin\" allowfullscreen><\/iframe>\n<\/div><figcaption class=\"wp-element-caption\">Luiza chama para o Encontro da Fibra<\/figcaption><\/figure>\n\n\n\n<p class=\"has-text-color\" style=\"color:#10364d\"><strong>Shorts #6 -15.04.2023<\/strong><\/p>\n\n\n\n<figure class=\"wp-block-embed is-type-video is-provider-youtube wp-block-embed-youtube wp-embed-aspect-16-9 wp-has-aspect-ratio\"><div class=\"wp-block-embed__wrapper\">\n<iframe title=\"Ie\u0302da Leal convida para Encontro da Fibra\" width=\"640\" height=\"360\" src=\"https:\/\/www.youtube.com\/embed\/6Z8UiRHa5tI?feature=oembed\" frameborder=\"0\" allow=\"accelerometer; autoplay; clipboard-write; encrypted-media; gyroscope; picture-in-picture; web-share\" referrerpolicy=\"strict-origin-when-cross-origin\" allowfullscreen><\/iframe>\n<\/div><figcaption class=\"wp-element-caption\">Ie\u0302da Leal convida para Encontro da Fibra<\/figcaption><\/figure>\n\n\n\n<p class=\"has-text-color\" style=\"color:#10364d\"><strong>Shorts #5 -15.04.2023<\/strong><\/p>\n\n\n\n<figure class=\"wp-block-embed is-type-video is-provider-youtube wp-block-embed-youtube wp-embed-aspect-16-9 wp-has-aspect-ratio\"><div class=\"wp-block-embed__wrapper\">\n<iframe title=\"Maria Dantas convida para Encontro da Fibra\" width=\"640\" height=\"360\" src=\"https:\/\/www.youtube.com\/embed\/z6V0vdTCbRY?feature=oembed\" frameborder=\"0\" allow=\"accelerometer; autoplay; clipboard-write; encrypted-media; gyroscope; picture-in-picture; web-share\" referrerpolicy=\"strict-origin-when-cross-origin\" allowfullscreen><\/iframe>\n<\/div><figcaption class=\"wp-element-caption\">Maria Dantas convida para Encontro da Fibra<\/figcaption><\/figure>\n\n\n\n<p class=\"has-text-color\" style=\"color:#10364d\"><strong>Shorts #4 -14.04.2023<\/strong><\/p>\n\n\n\n<figure class=\"wp-block-embed is-type-video is-provider-youtube wp-block-embed-youtube wp-embed-aspect-16-9 wp-has-aspect-ratio\"><div class=\"wp-block-embed__wrapper\">\n<iframe title=\"Ana Paula convida para o Encontro da FIBRA\" width=\"640\" height=\"360\" src=\"https:\/\/www.youtube.com\/embed\/0PIKo5KFGY8?feature=oembed\" frameborder=\"0\" allow=\"accelerometer; autoplay; clipboard-write; encrypted-media; gyroscope; picture-in-picture; web-share\" referrerpolicy=\"strict-origin-when-cross-origin\" allowfullscreen><\/iframe>\n<\/div><figcaption class=\"wp-element-caption\">Ana Paula convida para o Encontro da FIBRA<\/figcaption><\/figure>\n\n\n\n<p class=\"has-text-color\" style=\"color:#10364d\"><strong>Shorts #3 -14.04.2023<\/strong><\/p>\n\n\n\n<figure class=\"wp-block-embed is-type-video is-provider-youtube wp-block-embed-youtube wp-embed-aspect-16-9 wp-has-aspect-ratio\"><div class=\"wp-block-embed__wrapper\">\n<iframe title=\"Recado da Gabriela de Bolonha\" width=\"640\" height=\"360\" src=\"https:\/\/www.youtube.com\/embed\/yM2RbZPBP9I?feature=oembed\" frameborder=\"0\" allow=\"accelerometer; autoplay; clipboard-write; encrypted-media; gyroscope; picture-in-picture; web-share\" referrerpolicy=\"strict-origin-when-cross-origin\" allowfullscreen><\/iframe>\n<\/div><figcaption class=\"wp-element-caption\">Recado da Gabriela de Bolonha<\/figcaption><\/figure>\n\n\n\n<p class=\"has-text-color\" style=\"color:#10364d\"><strong>Shorts #2 -09.03.2023<\/strong><\/p>\n\n\n\n<figure class=\"wp-block-embed is-type-video is-provider-youtube wp-block-embed-youtube wp-embed-aspect-4-3 wp-has-aspect-ratio\"><div class=\"wp-block-embed__wrapper\">\n<iframe title=\"Olhem as Ruas de Lisboa!\" width=\"640\" height=\"480\" src=\"https:\/\/www.youtube.com\/embed\/Jm_uCO5ZLCM?feature=oembed\" frameborder=\"0\" allow=\"accelerometer; autoplay; clipboard-write; encrypted-media; gyroscope; picture-in-picture; web-share\" referrerpolicy=\"strict-origin-when-cross-origin\" allowfullscreen><\/iframe>\n<\/div><figcaption class=\"wp-element-caption\">Olhem as Ruas de Lisboa!<br>Cr\u00e9ditos: Coletivo Andorinha<\/figcaption><\/figure>\n\n\n\n<p class=\"has-text-color\" style=\"color:#10364d\"><strong>Shorts #1 -07.03.2023<\/strong><\/p>\n\n\n\n<figure class=\"wp-block-embed is-type-video is-provider-youtube wp-block-embed-youtube wp-embed-aspect-16-9 wp-has-aspect-ratio\"><div class=\"wp-block-embed__wrapper\">\n<iframe title=\"Registro emocionante!\" width=\"640\" height=\"360\" src=\"https:\/\/www.youtube.com\/embed\/y_IMncf-DGA?feature=oembed\" frameborder=\"0\" allow=\"accelerometer; autoplay; clipboard-write; encrypted-media; gyroscope; picture-in-picture; web-share\" referrerpolicy=\"strict-origin-when-cross-origin\" allowfullscreen><\/iframe>\n<\/div><figcaption class=\"wp-element-caption\"><a href=\"https:\/\/studio.youtube.com\/video\/y_IMncf-DGA\/edit\">Registro emocionante!<\/a><br>Cr\u00e9dito: Maria Dantas<\/figcaption><\/figure>\n","protected":false},"excerpt":{"rendered":"<p>Sele\u00e7\u00e3o de v\u00eddeos curtos enviados pelos Coletivos e membros da Fibra. Shorts 2024 Shorts #1 &#8211; 06.02.2024 Shorts #8 -09.06.2023 Shorts #7 -16.04.2023 Shorts #6<\/p>\n","protected":false},"author":2,"featured_media":0,"parent":0,"menu_order":0,"comment_status":"closed","ping_status":"closed","template":"","meta":{"om_disable_all_campaigns":false,"_eb_attr":"","footnotes":""},"class_list":["post-9638","page","type-page","status-publish","hentry","three-columns"],"aioseo_notices":[],"rttpg_featured_image_url":null,"rttpg_author":{"display_name":"clearwaterdijk","author_link":"https:\/\/fibrainternacional.org\/?author=2"},"rttpg_comment":0,"rttpg_category":null,"rttpg_excerpt":"Sele\u00e7\u00e3o de v\u00eddeos curtos enviados pelos Coletivos e membros da Fibra. Shorts 2024 Shorts #1 &#8211; 06.02.2024 Shorts #8 -09.06.2023 Shorts #7 -16.04.2023 Shorts #6","_links":{"self":[{"href":"https:\/\/fibrainternacional.org\/index.php?rest_route=\/wp\/v2\/pages\/9638","targetHints":{"allow":["GET"]}}],"collection":[{"href":"https:\/\/fibrainternacional.org\/index.php?rest_route=\/wp\/v2\/pages"}],"about":[{"href":"https:\/\/fibrainternacional.org\/index.php?rest_route=\/wp\/v2\/types\/page"}],"author":[{"embeddable":true,"href":"https:\/\/fibrainternacional.org\/index.php?rest_route=\/wp\/v2\/users\/2"}],"replies":[{"embeddable":true,"href":"https:\/\/fibrainternacional.org\/index.php?rest_route=%2Fwp%2Fv2%2Fcomments&post=9638"}],"version-history":[{"count":8,"href":"https:\/\/fibrainternacional.org\/index.php?rest_route=\/wp\/v2\/pages\/9638\/revisions"}],"predecessor-version":[{"id":10346,"href":"https:\/\/fibrainternacional.org\/index.php?rest_route=\/wp\/v2\/pages\/9638\/revisions\/10346"}],"wp:attachment":[{"href":"https:\/\/fibrainternacional.org\/index.php?rest_route=%2Fwp%2Fv2%2Fmedia&parent=9638"}],"curies":[{"name":"wp","href":"https:\/\/api.w.org\/{rel}","templated":true}]}}